{"id":19746,"date":"2023-06-13T10:18:43","date_gmt":"2023-06-13T10:18:43","guid":{"rendered":"https:\/\/lukuabipood.ee\/?post_type=product&#038;p=19746"},"modified":"2023-06-15T08:11:34","modified_gmt":"2023-06-15T08:11:34","slug":"tiibvarava-automaatika-bft-phobos-bt-a25-varavatele-kogu-laiusega-kuni-5-m-kaaluga-kuni-800-kg","status":"publish","type":"product","link":"https:\/\/lukuabipood.ee\/ru\/toode\/tiibvarava-automaatika-bft-phobos-bt-a25-varavatele-kogu-laiusega-kuni-5-m-kaaluga-kuni-800-kg\/","title":{"rendered":"Tiibv\u00e4rava automaatika BFT PHOBOS BT A25, v\u00e4ravatele kogu laiusega kuni 5 m, kaaluga kuni 800 kg"},"content":{"rendered":"<p data-placeholder=\"T\u00f5lge\">T\u00e4pne, ohutu ja usaldusv\u00e4\u00e4rne Bft 24V tehnoloogia tagab sulgumisel ja avanemisel optimaalse j\u00f5udluse koos aeglustuse t\u00e4pse korrigeerimisega. Teine oluline aspekt on ohutus, mille tagab takistuse tekkimisel viivitamatu peatumine ja liikumine vastassuunas. Tehnoloogia t\u00f5husus garanteerib toote usaldusv\u00e4\u00e4rsuse<\/p>\n<p data-placeholder=\"T\u00f5lge\">Mini komplekt:<\/p>\n<ul>\n<li data-placeholder=\"T\u00f5lge\">2x Phobos BT A25 tiibv\u00e4rava ajamit<\/li>\n<li data-placeholder=\"T\u00f5lge\">Juhtimiskeskus<\/li>\n<li data-placeholder=\"T\u00f5lge\">2x kahe nupuga pulti<\/li>\n<\/ul>\n<p>Full komplekt:<\/p>\n<ul>\n<li data-placeholder=\"T\u00f5lge\">2x Phobos BT A25 tiibv\u00e4rava ajamit<\/li>\n<li data-placeholder=\"T\u00f5lge\">Juhtimiskeskus<\/li>\n<li data-placeholder=\"T\u00f5lge\">2x kahe nupuga pulti<\/li>\n<li data-placeholder=\"T\u00f5lge\">2x fotosilmad Comapcta<\/li>\n<li data-placeholder=\"T\u00f5lge\">1x 24v vilkur<\/li>\n<\/ul>\n<p><img decoding=\"async\" src=\"https:\/\/static.insales-cdn.com\/files\/1\/4963\/14054243\/original\/Phobos_BT_25_specs.PNG\" alt=\"\" \/><\/p>\n","protected":false},"excerpt":{"rendered":"<p>T\u00e4pne, ohutu ja usaldusv\u00e4\u00e4rne Bft 24V tehnoloogia tagab sulgumisel ja avanemisel optimaalse j\u00f5udluse koos aeglustuse t\u00e4pse korrigeerimisega. Teine oluline aspekt<\/p>\n","protected":false},"featured_media":19747,"template":"","meta":{"_monsterinsights_skip_tracking":false,"_monsterinsights_sitenote_active":false,"_monsterinsights_sitenote_note":"","_monsterinsights_sitenote_category":0},"product_brand":[],"product_cat":[231],"product_tag":[],"class_list":{"0":"post-19746","1":"product","2":"type-product","3":"status-publish","4":"has-post-thumbnail","6":"product_cat-automaatika","8":"first","9":"instock","10":"shipping-taxable","11":"product-type-simple"},"aioseo_notices":[],"_links":{"self":[{"href":"https:\/\/lukuabipood.ee\/ru\/wp-json\/wp\/v2\/product\/19746","targetHints":{"allow":["GET"]}}],"collection":[{"href":"https:\/\/lukuabipood.ee\/ru\/wp-json\/wp\/v2\/product"}],"about":[{"href":"https:\/\/lukuabipood.ee\/ru\/wp-json\/wp\/v2\/types\/product"}],"version-history":[{"count":1,"href":"https:\/\/lukuabipood.ee\/ru\/wp-json\/wp\/v2\/product\/19746\/revisions"}],"predecessor-version":[{"id":19753,"href":"https:\/\/lukuabipood.ee\/ru\/wp-json\/wp\/v2\/product\/19746\/revisions\/19753"}],"wp:featuredmedia":[{"embeddable":true,"href":"https:\/\/lukuabipood.ee\/ru\/wp-json\/wp\/v2\/media\/19747"}],"wp:attachment":[{"href":"https:\/\/lukuabipood.ee\/ru\/wp-json\/wp\/v2\/media?parent=19746"}],"wp:term":[{"taxonomy":"product_brand","embeddable":true,"href":"https:\/\/lukuabipood.ee\/ru\/wp-json\/wp\/v2\/product_brand?post=19746"},{"taxonomy":"product_cat","embeddable":true,"href":"https:\/\/lukuabipood.ee\/ru\/wp-json\/wp\/v2\/product_cat?post=19746"},{"taxonomy":"product_tag","embeddable":true,"href":"https:\/\/lukuabipood.ee\/ru\/wp-json\/wp\/v2\/product_tag?post=19746"}],"curies":[{"name":"wp","href":"https:\/\/api.w.org\/{rel}","templated":true}]}}