{"id":19720,"date":"2023-06-13T09:30:45","date_gmt":"2023-06-13T09:30:45","guid":{"rendered":"https:\/\/lukuabipood.ee\/?post_type=product&#038;p=19720"},"modified":"2023-06-15T08:13:30","modified_gmt":"2023-06-15T08:13:30","slug":"hikvision-ds-k1t341cmfw-face-recognition-terminal","status":"publish","type":"product","link":"https:\/\/lukuabipood.ee\/ru\/toode\/hikvision-ds-k1t341cmfw-face-recognition-terminal\/","title":{"rendered":"Hikvision DS-K1T341CMFW Face Recognition Terminal"},"content":{"rendered":"<p>N\u00e4otuvastusterminal v\u00f5tab kasutusele s\u00fcva\u00f5ppe algoritmi, mis aitab n\u00e4gu kiiremini ja suurema t\u00e4psusega \u00e4ra tunda. See toetab ka mitut autentimisre\u017eiimi: n\u00e4o\/kaardi\/ s\u00f5rmej\u00e4lje\/ PIN-koodi autentimine jne. Seda saab kasutada mitmes stsenaariumis, n\u00e4iteks hoonetes, ettev\u00f5tetes, finantst\u00f6\u00f6stuses ja muudes olulistes valdkondades.<\/p>\n<ul>\n<li>S\u00fcgav \u00f5ppimise algoritm<\/li>\n<li>4,3-tolline mahtuvuslik puuteekraan, 2 MP laiema nurgaga topeltobjektiiv<\/li>\n<li>3000 n\u00e4o mahutavus, 3000 kaardi mahutavus, 3000 s\u00f5rmej\u00e4lje mahutavus ja 150 000 s\u00fcndmuse mahutavus<\/li>\n<li>Mitu autentimisre\u017eiimi, sealhulgas n\u00e4o, s\u00f5rmej\u00e4lje ja kaardi jne.<\/li>\n<li>N\u00e4otuvastuse kestus &lt; 0,2 s\/kasutajale<\/li>\n<li>Toetab maski kandmise tuvastamist<\/li>\n<li>\u00dchendub v\u00e4lise juurdep\u00e4\u00e4sukontrolleri v\u00f5i Wiegand-kaardilugejaga Wiegand-protokolli kaudu<\/li>\n<li>Kahesuunaline audio klienditarkvara, uksejaama, sisejaama ja peajaamaga<\/li>\n<li>\u00dchendub turvalise uksejuhtimisseadmega RS-485 protokolli kaudu, et v\u00e4ltida ukse avanemist, kui terminal on h\u00e4vinud<\/li>\n<\/ul>\n","protected":false},"excerpt":{"rendered":"<h2>Spetsifikatsioonid<\/h2>\n<p>&nbsp;<\/p>\n<table class=\"table mods\">\n<tbody>\n<tr class=\"mod_id_17\">\n<td>Protection Level<\/td>\n<td>IP65<\/td>\n<\/tr>\n<tr class=\"mod_id_23\">\n<td>Uksetelefon \/ Ekraani suurus<\/td>\n<td>4.3\u201d<\/td>\n<\/tr>\n<tr class=\"mod_id_33\">\n<td>Uksetelefon Kaamera resolutsioon<\/td>\n<td>2MP<\/td>\n<\/tr>\n<tr class=\"mod_id_27\">\n<td>Uksetelefon \/ V\u00f5rguliides<\/td>\n<td>WiFi<\/td>\n<\/tr>\n<tr class=\"mod_id_35\">\n<td>Uksetelefon \/ Klaviatuur<\/td>\n<td>Touch Screen<\/td>\n<\/tr>\n<tr class=\"mod_id_36\">\n<td>Kaardilugeja<\/td>\n<td>Mifare Card<\/td>\n<\/tr>\n<\/tbody>\n<\/table>\n","protected":false},"featured_media":19721,"template":"","meta":{"_monsterinsights_skip_tracking":false,"_monsterinsights_sitenote_active":false,"_monsterinsights_sitenote_note":"","_monsterinsights_sitenote_category":0},"product_brand":[],"product_cat":[20],"product_tag":[],"class_list":{"0":"post-19720","1":"product","2":"type-product","3":"status-publish","4":"has-post-thumbnail","6":"product_cat-fonolukud","8":"first","9":"instock","10":"shipping-taxable","11":"product-type-simple"},"aioseo_notices":[],"_links":{"self":[{"href":"https:\/\/lukuabipood.ee\/ru\/wp-json\/wp\/v2\/product\/19720","targetHints":{"allow":["GET"]}}],"collection":[{"href":"https:\/\/lukuabipood.ee\/ru\/wp-json\/wp\/v2\/product"}],"about":[{"href":"https:\/\/lukuabipood.ee\/ru\/wp-json\/wp\/v2\/types\/product"}],"version-history":[{"count":1,"href":"https:\/\/lukuabipood.ee\/ru\/wp-json\/wp\/v2\/product\/19720\/revisions"}],"predecessor-version":[{"id":19724,"href":"https:\/\/lukuabipood.ee\/ru\/wp-json\/wp\/v2\/product\/19720\/revisions\/19724"}],"wp:featuredmedia":[{"embeddable":true,"href":"https:\/\/lukuabipood.ee\/ru\/wp-json\/wp\/v2\/media\/19721"}],"wp:attachment":[{"href":"https:\/\/lukuabipood.ee\/ru\/wp-json\/wp\/v2\/media?parent=19720"}],"wp:term":[{"taxonomy":"product_brand","embeddable":true,"href":"https:\/\/lukuabipood.ee\/ru\/wp-json\/wp\/v2\/product_brand?post=19720"},{"taxonomy":"product_cat","embeddable":true,"href":"https:\/\/lukuabipood.ee\/ru\/wp-json\/wp\/v2\/product_cat?post=19720"},{"taxonomy":"product_tag","embeddable":true,"href":"https:\/\/lukuabipood.ee\/ru\/wp-json\/wp\/v2\/product_tag?post=19720"}],"curies":[{"name":"wp","href":"https:\/\/api.w.org\/{rel}","templated":true}]}}