{"id":19717,"date":"2023-06-13T09:03:44","date_gmt":"2023-06-13T09:03:44","guid":{"rendered":"https:\/\/lukuabipood.ee\/?post_type=product&#038;p=19717"},"modified":"2023-06-15T08:15:20","modified_gmt":"2023-06-15T08:15:20","slug":"abloy-boda-428-analoog","status":"publish","type":"product","link":"https:\/\/lukuabipood.ee\/ru\/toode\/abloy-boda-428-analoog\/","title":{"rendered":"Abloy Boda 428 analoog"},"content":{"rendered":"<p>(Eesti) Abloy 428 turvalisaluku komplekti (endine Boda 428) analoog.<\/p>\n<p>Komplekti kuuluvad lukuraam, vasturaud, katted ja viis v\u00f5tit.<\/p>\n<p>Esiplaadi kinnituste vahe ei vasta t\u00e4pselt \u00fcks-\u00fchele originaaltootega, mist\u00f5ttu luku asendamine metalluksel v\u00f5ib osutuda keeruliseks<\/p>\n","protected":false},"excerpt":{"rendered":"<p>(Eesti) Abloy 428 turvalisaluku komplekti (endine Boda 428) analoog. Komplekti kuuluvad lukuraam, vasturaud, katted ja viis v\u00f5tit. Esiplaadi kinnituste vahe<\/p>\n","protected":false},"featured_media":19742,"template":"","meta":{"_monsterinsights_skip_tracking":false,"_monsterinsights_sitenote_active":false,"_monsterinsights_sitenote_note":"","_monsterinsights_sitenote_category":0},"product_brand":[],"product_cat":[82],"product_tag":[],"class_list":{"0":"post-19717","1":"product","2":"type-product","3":"status-publish","4":"has-post-thumbnail","6":"product_cat-lisalukud","8":"first","9":"instock","10":"shipping-taxable","11":"product-type-simple"},"aioseo_notices":[],"_links":{"self":[{"href":"https:\/\/lukuabipood.ee\/ru\/wp-json\/wp\/v2\/product\/19717","targetHints":{"allow":["GET"]}}],"collection":[{"href":"https:\/\/lukuabipood.ee\/ru\/wp-json\/wp\/v2\/product"}],"about":[{"href":"https:\/\/lukuabipood.ee\/ru\/wp-json\/wp\/v2\/types\/product"}],"version-history":[{"count":1,"href":"https:\/\/lukuabipood.ee\/ru\/wp-json\/wp\/v2\/product\/19717\/revisions"}],"predecessor-version":[{"id":19741,"href":"https:\/\/lukuabipood.ee\/ru\/wp-json\/wp\/v2\/product\/19717\/revisions\/19741"}],"wp:featuredmedia":[{"embeddable":true,"href":"https:\/\/lukuabipood.ee\/ru\/wp-json\/wp\/v2\/media\/19742"}],"wp:attachment":[{"href":"https:\/\/lukuabipood.ee\/ru\/wp-json\/wp\/v2\/media?parent=19717"}],"wp:term":[{"taxonomy":"product_brand","embeddable":true,"href":"https:\/\/lukuabipood.ee\/ru\/wp-json\/wp\/v2\/product_brand?post=19717"},{"taxonomy":"product_cat","embeddable":true,"href":"https:\/\/lukuabipood.ee\/ru\/wp-json\/wp\/v2\/product_cat?post=19717"},{"taxonomy":"product_tag","embeddable":true,"href":"https:\/\/lukuabipood.ee\/ru\/wp-json\/wp\/v2\/product_tag?post=19717"}],"curies":[{"name":"wp","href":"https:\/\/api.w.org\/{rel}","templated":true}]}}