{"id":19689,"date":"2023-04-28T11:04:39","date_gmt":"2023-04-28T11:04:39","guid":{"rendered":"https:\/\/lukuabipood.ee\/?post_type=product&#038;p=19689"},"modified":"2023-06-15T08:22:16","modified_gmt":"2023-06-15T08:22:16","slug":"smart-ukselink-wifi-ja-bluetoothi","status":"publish","type":"product","link":"https:\/\/lukuabipood.ee\/ru\/toode\/smart-ukselink-wifi-ja-bluetoothi\/","title":{"rendered":"Smart ukselink wifi ja bluetoothi"},"content":{"rendered":"<p>Nutiluku omadused:<\/p>\n<p>Kaks versiooni: sise IP20 kui ja v\u00e4listingimustesse IP55<br \/>\nAvage ust WiFi\/Bluetoothi kaudu*, s\u00f5rmej\u00e4ljelugejaga , kaardi abil, PIN-koodiga, mehhanilise v\u00f5tmega<br \/>\nSmart ukseling v\u00f5imaldab teil lukku eemal juhtida \u00fcksk\u00f5ik maakeera puktist interneti\u00fchenduse olemasolul*<br \/>\n\u00dche nutitelefoniga saab juhtida mitu ukselukku<br \/>\nAjutise parooli loomine erinevate stsenaariumidega<br \/>\nMitmetasandilised administraatori funktsioonid, lihtsam haldus<br \/>\nKompaktne disain, mis sobib ideaalselt puidust ja metallist uste jaoks<br \/>\nS\u00f5rmeskanner lisaturvalisuse tagamiseks<br \/>\nAvariiltoide USB-ga<br \/>\nSobib igat t\u00fc\u00fcpi ukselukkudele, DIN ja Scandinaavia standarditele<br \/>\nAvariilukustus tavaliste v\u00f5tmete abil<\/p>\n<ul>\n<li><strong>Materjal:\u00a0<\/strong>roostevaba teras<\/li>\n<li>V\u00e4rv: h\u00f5bedane, must ja grafiit<\/li>\n<li><strong>Suurus<\/strong>: 280mm pikkus ja 38mm laius<\/li>\n<li>Sobitub erinevate lukukorpustega, n\u00e4iteks Abloy Assa lukukorpustega<\/li>\n<li>Sobib k\u00f5igile\u00a0<strong>30mm-80mm<\/strong>\u00a0paksusega alumiiniumprofiil-, metallprofiil-, metall ja puitustele<\/li>\n<li>T\u00f6\u00f6pinge\u00a0<strong>6V ehk 4*AAA<\/strong>\u00a0patareid<\/li>\n<li>Patareide eluiga kinni ja lahti lukustamisel kuni 10 000 korda<\/li>\n<li>T\u00f6\u00f6temperatuur -20\u00b0C-70\u00b0C<\/li>\n<li>Luku kaal 2.5kg<\/li>\n<li>Garantii 2 aastat<\/li>\n<\/ul>\n<p>Kasutajate arv:<\/p>\n<ul>\n<li>S\u00f5rmej\u00e4ljed: 200;<\/li>\n<li>Magnetkaardid: 200;<\/li>\n<li>E-v\u00f5tme klahvid: piiramatu kogus;<\/li>\n<li>PIN-koodid: 150, e-parool-salas\u00f5na: 200;<\/li>\n<li>Aku t\u00f6\u00f6aja kestvus, ts\u00fcklid avamine \/ sulgemine: 3000\u20134000 v\u00f5i 8\u201310 kuud;<\/li>\n<li>Luku f\u00fc\u00fcsiline t\u00f6\u00f6iga: 10 aastat v\u00f5i 300 000 avamis \/ sulgemists\u00fcklit.<\/li>\n<\/ul>\n<p>* Wi-fi\/Bluetooth ruuteri olemasolul<\/p>\n","protected":false},"excerpt":{"rendered":"<p>Nutiluku omadused: Kaks versiooni: sise IP20 kui ja v\u00e4listingimustesse IP55 Avage ust WiFi\/Bluetoothi kaudu*, s\u00f5rmej\u00e4ljelugejaga , kaardi abil, PIN-koodiga, mehhanilise<\/p>\n","protected":false},"featured_media":19699,"template":"","meta":{"_monsterinsights_skip_tracking":false,"_monsterinsights_sitenote_active":false,"_monsterinsights_sitenote_note":"","_monsterinsights_sitenote_category":0},"product_brand":[],"product_cat":[89,29],"product_tag":[],"class_list":{"0":"post-19689","1":"product","2":"type-product","3":"status-publish","4":"has-post-thumbnail","6":"product_cat-elektrilukud","7":"product_cat-nutilukud","9":"first","10":"instock","11":"shipping-taxable","12":"product-type-simple"},"aioseo_notices":[],"_links":{"self":[{"href":"https:\/\/lukuabipood.ee\/ru\/wp-json\/wp\/v2\/product\/19689","targetHints":{"allow":["GET"]}}],"collection":[{"href":"https:\/\/lukuabipood.ee\/ru\/wp-json\/wp\/v2\/product"}],"about":[{"href":"https:\/\/lukuabipood.ee\/ru\/wp-json\/wp\/v2\/types\/product"}],"version-history":[{"count":1,"href":"https:\/\/lukuabipood.ee\/ru\/wp-json\/wp\/v2\/product\/19689\/revisions"}],"predecessor-version":[{"id":19702,"href":"https:\/\/lukuabipood.ee\/ru\/wp-json\/wp\/v2\/product\/19689\/revisions\/19702"}],"wp:featuredmedia":[{"embeddable":true,"href":"https:\/\/lukuabipood.ee\/ru\/wp-json\/wp\/v2\/media\/19699"}],"wp:attachment":[{"href":"https:\/\/lukuabipood.ee\/ru\/wp-json\/wp\/v2\/media?parent=19689"}],"wp:term":[{"taxonomy":"product_brand","embeddable":true,"href":"https:\/\/lukuabipood.ee\/ru\/wp-json\/wp\/v2\/product_brand?post=19689"},{"taxonomy":"product_cat","embeddable":true,"href":"https:\/\/lukuabipood.ee\/ru\/wp-json\/wp\/v2\/product_cat?post=19689"},{"taxonomy":"product_tag","embeddable":true,"href":"https:\/\/lukuabipood.ee\/ru\/wp-json\/wp\/v2\/product_tag?post=19689"}],"curies":[{"name":"wp","href":"https:\/\/api.w.org\/{rel}","templated":true}]}}