{"id":15412,"date":"2022-08-25T18:36:59","date_gmt":"2022-08-25T18:36:59","guid":{"rendered":"https:\/\/lukuabipood.ee\/?post_type=product&#038;p=15412"},"modified":"2023-06-15T08:44:15","modified_gmt":"2023-06-15T08:44:15","slug":"sulgur-geze-4000-2","status":"publish","type":"product","link":"https:\/\/lukuabipood.ee\/ru\/toode\/sulgur-geze-4000-2\/","title":{"rendered":"Sulgur Geze 4000"},"content":{"rendered":"<p>Sulgemisj\u00f5udu saab reguleerida vahemikus 1-6 ja 5-7<\/p>\n<p>Ainult \u00fche konstruktsiooni suurusega sulgur<br \/>\nSulgemisj\u00f5u optiline indikaator<br \/>\nAvanemispidur ja eestpoolt reguleeritav<br \/>\ntermostabiliseeritud sulgemiskiirus<br \/>\nL\u00f5put\u00f5mmet reguleeritakse k\u00e4\u00e4rvarre abil<br \/>\nOhutusventiil avanemisel ja sulgemisel<\/p>\n<p>Kasutusala<\/p>\n<p>Standardustele, ukselehe laius kuni 1400 mm (j\u00f5ud EN 1-6) ja kuni 1600 mm (j\u00f5ud EN 5-7)<\/p>\n<p>Ilma \u00fcmberseadistuseta kasutatav nii vasaku kui parema k\u00e4e ustele<\/p>\n<p>Tule- ja suitsut\u00f5kkeustele<\/p>\n","protected":false},"excerpt":{"rendered":"<p>Sulgemisj\u00f5udu saab reguleerida vahemikus 1-6 ja 5-7 Ainult \u00fche konstruktsiooni suurusega sulgur Sulgemisj\u00f5u optiline indikaator Avanemispidur ja eestpoolt reguleeritav termostabiliseeritud<\/p>\n","protected":false},"featured_media":15492,"template":"","meta":{"_monsterinsights_skip_tracking":false,"_monsterinsights_sitenote_active":false,"_monsterinsights_sitenote_note":"","_monsterinsights_sitenote_category":0},"product_brand":[],"product_cat":[75],"product_tag":[],"class_list":{"0":"post-15412","1":"product","2":"type-product","3":"status-publish","4":"has-post-thumbnail","6":"product_cat-uksesulgurid","8":"first","9":"instock","10":"shipping-taxable","11":"product-type-simple"},"aioseo_notices":[],"_links":{"self":[{"href":"https:\/\/lukuabipood.ee\/ru\/wp-json\/wp\/v2\/product\/15412","targetHints":{"allow":["GET"]}}],"collection":[{"href":"https:\/\/lukuabipood.ee\/ru\/wp-json\/wp\/v2\/product"}],"about":[{"href":"https:\/\/lukuabipood.ee\/ru\/wp-json\/wp\/v2\/types\/product"}],"version-history":[{"count":2,"href":"https:\/\/lukuabipood.ee\/ru\/wp-json\/wp\/v2\/product\/15412\/revisions"}],"predecessor-version":[{"id":15493,"href":"https:\/\/lukuabipood.ee\/ru\/wp-json\/wp\/v2\/product\/15412\/revisions\/15493"}],"wp:featuredmedia":[{"embeddable":true,"href":"https:\/\/lukuabipood.ee\/ru\/wp-json\/wp\/v2\/media\/15492"}],"wp:attachment":[{"href":"https:\/\/lukuabipood.ee\/ru\/wp-json\/wp\/v2\/media?parent=15412"}],"wp:term":[{"taxonomy":"product_brand","embeddable":true,"href":"https:\/\/lukuabipood.ee\/ru\/wp-json\/wp\/v2\/product_brand?post=15412"},{"taxonomy":"product_cat","embeddable":true,"href":"https:\/\/lukuabipood.ee\/ru\/wp-json\/wp\/v2\/product_cat?post=15412"},{"taxonomy":"product_tag","embeddable":true,"href":"https:\/\/lukuabipood.ee\/ru\/wp-json\/wp\/v2\/product_tag?post=15412"}],"curies":[{"name":"wp","href":"https:\/\/api.w.org\/{rel}","templated":true}]}}