{"id":15334,"date":"2022-08-25T18:36:41","date_gmt":"2022-08-25T18:36:41","guid":{"rendered":"https:\/\/lukuabipood.ee\/?post_type=product&#038;p=15334"},"modified":"2022-08-25T18:36:41","modified_gmt":"2022-08-25T18:36:41","slug":"tabalukk-mauer-mls-km520-3","status":"publish","type":"product","link":"https:\/\/lukuabipood.ee\/ru\/toode\/tabalukk-mauer-mls-km520-3\/","title":{"rendered":"Tabalukk Mauer MLS KM520"},"content":{"rendered":"<p>Turva tabalukk Mauer MLS KM520<\/p>\n<p>    On v\u00f5imalik kasutada Master v\u00f5tme s\u00fcsteemides<br \/>\n    Erinevad aasa pikkused<br \/>\n    Patenteeritud v\u00f5tme profiil<\/p>\n","protected":false},"excerpt":{"rendered":"<p>Turva tabalukk Mauer MLS KM520 On v\u00f5imalik kasutada Master v\u00f5tme s\u00fcsteemides Erinevad aasa pikkused Patenteeritud v\u00f5tme profiil<\/p>\n","protected":false},"featured_media":14921,"template":"","meta":{"_monsterinsights_skip_tracking":false,"_monsterinsights_sitenote_active":false,"_monsterinsights_sitenote_note":"","_monsterinsights_sitenote_category":0},"product_brand":[],"product_cat":[85],"product_tag":[],"class_list":{"0":"post-15334","1":"product","2":"type-product","3":"status-publish","4":"has-post-thumbnail","6":"product_cat-tabalukud","8":"first","9":"instock","10":"shipping-taxable","11":"purchasable","12":"product-type-simple"},"aioseo_notices":[],"_links":{"self":[{"href":"https:\/\/lukuabipood.ee\/ru\/wp-json\/wp\/v2\/product\/15334","targetHints":{"allow":["GET"]}}],"collection":[{"href":"https:\/\/lukuabipood.ee\/ru\/wp-json\/wp\/v2\/product"}],"about":[{"href":"https:\/\/lukuabipood.ee\/ru\/wp-json\/wp\/v2\/types\/product"}],"version-history":[{"count":1,"href":"https:\/\/lukuabipood.ee\/ru\/wp-json\/wp\/v2\/product\/15334\/revisions"}],"predecessor-version":[{"id":15335,"href":"https:\/\/lukuabipood.ee\/ru\/wp-json\/wp\/v2\/product\/15334\/revisions\/15335"}],"wp:featuredmedia":[{"embeddable":true,"href":"https:\/\/lukuabipood.ee\/ru\/wp-json\/wp\/v2\/media\/14921"}],"wp:attachment":[{"href":"https:\/\/lukuabipood.ee\/ru\/wp-json\/wp\/v2\/media?parent=15334"}],"wp:term":[{"taxonomy":"product_brand","embeddable":true,"href":"https:\/\/lukuabipood.ee\/ru\/wp-json\/wp\/v2\/product_brand?post=15334"},{"taxonomy":"product_cat","embeddable":true,"href":"https:\/\/lukuabipood.ee\/ru\/wp-json\/wp\/v2\/product_cat?post=15334"},{"taxonomy":"product_tag","embeddable":true,"href":"https:\/\/lukuabipood.ee\/ru\/wp-json\/wp\/v2\/product_tag?post=15334"}],"curies":[{"name":"wp","href":"https:\/\/api.w.org\/{rel}","templated":true}]}}