{"id":15065,"date":"2022-08-25T18:04:43","date_gmt":"2022-08-25T18:04:43","guid":{"rendered":"https:\/\/lukuabipood.ee\/?post_type=product&#038;p=15065"},"modified":"2022-08-25T18:04:47","modified_gmt":"2022-08-25T18:04:47","slug":"sulgur-abloy-assa-dc336-vars-dc190-komplekt","status":"publish","type":"product","link":"https:\/\/lukuabipood.ee\/ru\/toode\/sulgur-abloy-assa-dc336-vars-dc190-komplekt\/","title":{"rendered":"Sulgur Abloy Assa DC336 + VARS DC190 (Komplekt)"},"content":{"rendered":"<p>Kasutamine:<br \/>\n\u2013 sise- ja v\u00e4lisuksed kaaluga max. 120 kg ning ukselehele laiusega kuni 1250 mm. Komplekteerides standardveovarrega kaaluga max. 120 kg ning ukselehele laiusega kuni 1250 mm.<br \/>\n\u2013 sobib kasutamiseks tulet\u00f5kkeustele<br \/>\n\u2013 3 \u2013 6 klassi sulgemisj\u00f5ud vastavalt standardile EN1154.<br \/>\n\u2013 reguleeritav sulgemisj\u00f5ud,sulgemiskiirus,tuulepidur ja l\u00f5put\u00f5mme.<br \/>\n\u2013 valualumiiniumist korpus.<br \/>\n\u2013 t\u00f6\u00f6tab laias temperatuurivahemikus +45\u00b0C kuni -35\u00b0C<\/p>\n","protected":false},"excerpt":{"rendered":"<p>Kasutamine: \u2013 sise- ja v\u00e4lisuksed kaaluga max. 120 kg ning ukselehele laiusega kuni 1250 mm. Komplekteerides standardveovarrega kaaluga max. 120<\/p>\n","protected":false},"featured_media":14879,"template":"","meta":{"_monsterinsights_skip_tracking":false,"_monsterinsights_sitenote_active":false,"_monsterinsights_sitenote_note":"","_monsterinsights_sitenote_category":0},"product_brand":[],"product_cat":[75],"product_tag":[],"class_list":{"0":"post-15065","1":"product","2":"type-product","3":"status-publish","4":"has-post-thumbnail","6":"product_cat-uksesulgurid","8":"first","9":"instock","10":"shipping-taxable","11":"purchasable","12":"product-type-simple"},"aioseo_notices":[],"_links":{"self":[{"href":"https:\/\/lukuabipood.ee\/ru\/wp-json\/wp\/v2\/product\/15065","targetHints":{"allow":["GET"]}}],"collection":[{"href":"https:\/\/lukuabipood.ee\/ru\/wp-json\/wp\/v2\/product"}],"about":[{"href":"https:\/\/lukuabipood.ee\/ru\/wp-json\/wp\/v2\/types\/product"}],"version-history":[{"count":1,"href":"https:\/\/lukuabipood.ee\/ru\/wp-json\/wp\/v2\/product\/15065\/revisions"}],"predecessor-version":[{"id":15081,"href":"https:\/\/lukuabipood.ee\/ru\/wp-json\/wp\/v2\/product\/15065\/revisions\/15081"}],"wp:featuredmedia":[{"embeddable":true,"href":"https:\/\/lukuabipood.ee\/ru\/wp-json\/wp\/v2\/media\/14879"}],"wp:attachment":[{"href":"https:\/\/lukuabipood.ee\/ru\/wp-json\/wp\/v2\/media?parent=15065"}],"wp:term":[{"taxonomy":"product_brand","embeddable":true,"href":"https:\/\/lukuabipood.ee\/ru\/wp-json\/wp\/v2\/product_brand?post=15065"},{"taxonomy":"product_cat","embeddable":true,"href":"https:\/\/lukuabipood.ee\/ru\/wp-json\/wp\/v2\/product_cat?post=15065"},{"taxonomy":"product_tag","embeddable":true,"href":"https:\/\/lukuabipood.ee\/ru\/wp-json\/wp\/v2\/product_tag?post=15065"}],"curies":[{"name":"wp","href":"https:\/\/api.w.org\/{rel}","templated":true}]}}