{"id":14868,"date":"2022-08-25T16:45:00","date_gmt":"2022-08-25T16:45:00","guid":{"rendered":"https:\/\/lukuabipood.ee\/?post_type=product&#038;p=14868"},"modified":"2022-08-25T16:45:22","modified_gmt":"2022-08-25T16:45:22","slug":"uksemagnet-vizit-ml300","status":"publish","type":"product","link":"https:\/\/lukuabipood.ee\/ru\/toode\/uksemagnet-vizit-ml300\/","title":{"rendered":"Uksemagnet Vizit ML300"},"content":{"rendered":"<ul>\n<li>metallkorpuses elektromagntelukk, kinnitustega<\/li>\n<li>t\u00f5mbej\u00f5ud 300kg<\/li>\n<li>t\u00f6\u00f6pinge 9-15V<\/li>\n<li>tarbitav v\u00f5imsus 7,5W<\/li>\n<li>pinnapealne paigaldus<\/li>\n<li>m\u00f5\u00f5tmed 188x57x38<\/li>\n<li>t\u00f6\u00f6temperatuur -40 kuni +45<\/li>\n<li><\/li>\n<\/ul>\n","protected":false},"excerpt":{"rendered":"<p>metallkorpuses elektromagntelukk, kinnitustega t\u00f5mbej\u00f5ud 300kg t\u00f6\u00f6pinge 9-15V tarbitav v\u00f5imsus 7,5W pinnapealne paigaldus m\u00f5\u00f5tmed 188x57x38 t\u00f6\u00f6temperatuur -40 kuni +45<\/p>\n","protected":false},"featured_media":14866,"template":"","meta":{"_monsterinsights_skip_tracking":false,"_monsterinsights_sitenote_active":false,"_monsterinsights_sitenote_note":"","_monsterinsights_sitenote_category":0},"product_brand":[],"product_cat":[89,20,96,88],"product_tag":[],"class_list":{"0":"post-14868","1":"product","2":"type-product","3":"status-publish","4":"has-post-thumbnail","6":"product_cat-elektrilukud","7":"product_cat-fonolukud","8":"product_cat-labipaasukontroll","9":"product_cat-pindlukud","11":"first","12":"instock","13":"shipping-taxable","14":"product-type-simple"},"aioseo_notices":[],"_links":{"self":[{"href":"https:\/\/lukuabipood.ee\/ru\/wp-json\/wp\/v2\/product\/14868","targetHints":{"allow":["GET"]}}],"collection":[{"href":"https:\/\/lukuabipood.ee\/ru\/wp-json\/wp\/v2\/product"}],"about":[{"href":"https:\/\/lukuabipood.ee\/ru\/wp-json\/wp\/v2\/types\/product"}],"version-history":[{"count":1,"href":"https:\/\/lukuabipood.ee\/ru\/wp-json\/wp\/v2\/product\/14868\/revisions"}],"predecessor-version":[{"id":14869,"href":"https:\/\/lukuabipood.ee\/ru\/wp-json\/wp\/v2\/product\/14868\/revisions\/14869"}],"wp:featuredmedia":[{"embeddable":true,"href":"https:\/\/lukuabipood.ee\/ru\/wp-json\/wp\/v2\/media\/14866"}],"wp:attachment":[{"href":"https:\/\/lukuabipood.ee\/ru\/wp-json\/wp\/v2\/media?parent=14868"}],"wp:term":[{"taxonomy":"product_brand","embeddable":true,"href":"https:\/\/lukuabipood.ee\/ru\/wp-json\/wp\/v2\/product_brand?post=14868"},{"taxonomy":"product_cat","embeddable":true,"href":"https:\/\/lukuabipood.ee\/ru\/wp-json\/wp\/v2\/product_cat?post=14868"},{"taxonomy":"product_tag","embeddable":true,"href":"https:\/\/lukuabipood.ee\/ru\/wp-json\/wp\/v2\/product_tag?post=14868"}],"curies":[{"name":"wp","href":"https:\/\/api.w.org\/{rel}","templated":true}]}}