{"id":14865,"date":"2022-08-25T16:44:16","date_gmt":"2022-08-25T16:44:16","guid":{"rendered":"https:\/\/lukuabipood.ee\/?post_type=product&#038;p=14865"},"modified":"2022-08-25T16:44:16","modified_gmt":"2022-08-25T16:44:16","slug":"uksemagnet-vizit-ml400","status":"publish","type":"product","link":"https:\/\/lukuabipood.ee\/ru\/toode\/uksemagnet-vizit-ml400\/","title":{"rendered":"Uksemagnet Vizit ML400"},"content":{"rendered":"<ul>\n<li>metallkorpuses elektromagntelukk, kinnitustega<\/li>\n<li>t\u00f5mbej\u00f5ud 400kg<\/li>\n<li>t\u00f6\u00f6pinge 9-15V<\/li>\n<li>tarbitav v\u00f5imsus 7,5W<\/li>\n<li>pinnapealne paigaldus<\/li>\n<li>m\u00f5\u00f5tmed 230x57x38<\/li>\n<li>t\u00f6\u00f6temperatuur -40 kuni +45<\/li>\n<\/ul>\n","protected":false},"excerpt":{"rendered":"<p>metallkorpuses elektromagntelukk, kinnitustega t\u00f5mbej\u00f5ud 400kg t\u00f6\u00f6pinge 9-15V tarbitav v\u00f5imsus 7,5W pinnapealne paigaldus m\u00f5\u00f5tmed 230x57x38 t\u00f6\u00f6temperatuur -40 kuni +45<\/p>\n","protected":false},"featured_media":14866,"template":"","meta":{"_monsterinsights_skip_tracking":false,"_monsterinsights_sitenote_active":false,"_monsterinsights_sitenote_note":"","_monsterinsights_sitenote_category":0},"product_brand":[],"product_cat":[89,20,96,88],"product_tag":[],"class_list":{"0":"post-14865","1":"product","2":"type-product","3":"status-publish","4":"has-post-thumbnail","6":"product_cat-elektrilukud","7":"product_cat-fonolukud","8":"product_cat-labipaasukontroll","9":"product_cat-pindlukud","11":"first","12":"instock","13":"shipping-taxable","14":"product-type-simple"},"aioseo_notices":[],"_links":{"self":[{"href":"https:\/\/lukuabipood.ee\/ru\/wp-json\/wp\/v2\/product\/14865","targetHints":{"allow":["GET"]}}],"collection":[{"href":"https:\/\/lukuabipood.ee\/ru\/wp-json\/wp\/v2\/product"}],"about":[{"href":"https:\/\/lukuabipood.ee\/ru\/wp-json\/wp\/v2\/types\/product"}],"version-history":[{"count":1,"href":"https:\/\/lukuabipood.ee\/ru\/wp-json\/wp\/v2\/product\/14865\/revisions"}],"predecessor-version":[{"id":14867,"href":"https:\/\/lukuabipood.ee\/ru\/wp-json\/wp\/v2\/product\/14865\/revisions\/14867"}],"wp:featuredmedia":[{"embeddable":true,"href":"https:\/\/lukuabipood.ee\/ru\/wp-json\/wp\/v2\/media\/14866"}],"wp:attachment":[{"href":"https:\/\/lukuabipood.ee\/ru\/wp-json\/wp\/v2\/media?parent=14865"}],"wp:term":[{"taxonomy":"product_brand","embeddable":true,"href":"https:\/\/lukuabipood.ee\/ru\/wp-json\/wp\/v2\/product_brand?post=14865"},{"taxonomy":"product_cat","embeddable":true,"href":"https:\/\/lukuabipood.ee\/ru\/wp-json\/wp\/v2\/product_cat?post=14865"},{"taxonomy":"product_tag","embeddable":true,"href":"https:\/\/lukuabipood.ee\/ru\/wp-json\/wp\/v2\/product_tag?post=14865"}],"curies":[{"name":"wp","href":"https:\/\/api.w.org\/{rel}","templated":true}]}}