{"id":14741,"date":"2022-08-24T17:49:18","date_gmt":"2022-08-24T17:49:18","guid":{"rendered":"https:\/\/lukuabipood.ee\/?post_type=product&#038;p=14741"},"modified":"2022-08-24T17:49:19","modified_gmt":"2022-08-24T17:49:19","slug":"lukukorpus-assa-565","status":"publish","type":"product","link":"https:\/\/lukuabipood.ee\/ru\/toode\/lukukorpus-assa-565\/","title":{"rendered":"Lukukorpus Assa 565"},"content":{"rendered":"<p>ASSA SYM lukustuskeele ja lingi kaldkeelega tavalukk.<\/p>\n<p>Tapikaugus 50 mm.<\/p>\n<p>Lukustamine v\u00f5tmest v\u00f5i v\u00e4\u00e4ndenupust. Lahtilukustamisel v\u00f5tit v\u00f5i v\u00e4\u00e4ndenuppu 90\u00b0 p\u00f6\u00f6rates liiguvad sisse nii lukustus- kui lingikeel. Lingile vajutades liigub ainult lingikeel.<\/p>\n<p>Pinnakate: tsink.<\/p>\n","protected":false},"excerpt":{"rendered":"<p>ASSA SYM lukustuskeele ja lingi kaldkeelega tavalukk. Tapikaugus 50 mm. Lukustamine v\u00f5tmest v\u00f5i v\u00e4\u00e4ndenupust. Lahtilukustamisel v\u00f5tit v\u00f5i v\u00e4\u00e4ndenuppu 90\u00b0 p\u00f6\u00f6rates<\/p>\n","protected":false},"featured_media":14586,"template":"","meta":{"_monsterinsights_skip_tracking":false,"_monsterinsights_sitenote_active":false,"_monsterinsights_sitenote_note":"","_monsterinsights_sitenote_category":0},"product_brand":[],"product_cat":[86],"product_tag":[],"class_list":{"0":"post-14741","1":"product","2":"type-product","3":"status-publish","4":"has-post-thumbnail","6":"product_cat-lukukorpused","8":"first","9":"instock","10":"shipping-taxable","11":"purchasable","12":"product-type-simple"},"aioseo_notices":[],"_links":{"self":[{"href":"https:\/\/lukuabipood.ee\/ru\/wp-json\/wp\/v2\/product\/14741","targetHints":{"allow":["GET"]}}],"collection":[{"href":"https:\/\/lukuabipood.ee\/ru\/wp-json\/wp\/v2\/product"}],"about":[{"href":"https:\/\/lukuabipood.ee\/ru\/wp-json\/wp\/v2\/types\/product"}],"version-history":[{"count":1,"href":"https:\/\/lukuabipood.ee\/ru\/wp-json\/wp\/v2\/product\/14741\/revisions"}],"predecessor-version":[{"id":14755,"href":"https:\/\/lukuabipood.ee\/ru\/wp-json\/wp\/v2\/product\/14741\/revisions\/14755"}],"wp:featuredmedia":[{"embeddable":true,"href":"https:\/\/lukuabipood.ee\/ru\/wp-json\/wp\/v2\/media\/14586"}],"wp:attachment":[{"href":"https:\/\/lukuabipood.ee\/ru\/wp-json\/wp\/v2\/media?parent=14741"}],"wp:term":[{"taxonomy":"product_brand","embeddable":true,"href":"https:\/\/lukuabipood.ee\/ru\/wp-json\/wp\/v2\/product_brand?post=14741"},{"taxonomy":"product_cat","embeddable":true,"href":"https:\/\/lukuabipood.ee\/ru\/wp-json\/wp\/v2\/product_cat?post=14741"},{"taxonomy":"product_tag","embeddable":true,"href":"https:\/\/lukuabipood.ee\/ru\/wp-json\/wp\/v2\/product_tag?post=14741"}],"curies":[{"name":"wp","href":"https:\/\/api.w.org\/{rel}","templated":true}]}}