{"id":14704,"date":"2022-08-24T17:49:11","date_gmt":"2022-08-24T17:49:11","guid":{"rendered":"https:\/\/lukuabipood.ee\/?post_type=product&#038;p=14704"},"modified":"2022-08-24T17:49:16","modified_gmt":"2022-08-24T17:49:16","slug":"lukukorpus-assa-fas-90002","status":"publish","type":"product","link":"https:\/\/lukuabipood.ee\/ru\/toode\/lukukorpus-assa-fas-90002\/","title":{"rendered":"Lukukorpus Assa FAS 90002"},"content":{"rendered":"<p>9-plaadiga plaatmuuks\u00fcsteemiga turvalukk.<\/p>\n<p>Tugevdatud metallist lukustuskeele ja lingikeelega. Lukustamine nii v\u00e4ljast- kui seestpoolt v\u00f5tme 360-kraadisel p\u00f6\u00f6ramisel.<\/p>\n<p>V\u00f5tmeava kaugus raami otsaplaadist 50 mm.<\/p>\n<p>Koos lukuraamiga kasutatakse v\u00f5tmeavakatteid 5301.<\/p>\n","protected":false},"excerpt":{"rendered":"<p>9-plaadiga plaatmuuks\u00fcsteemiga turvalukk. Tugevdatud metallist lukustuskeele ja lingikeelega. Lukustamine nii v\u00e4ljast- kui seestpoolt v\u00f5tme 360-kraadisel p\u00f6\u00f6ramisel. V\u00f5tmeava kaugus raami otsaplaadist<\/p>\n","protected":false},"featured_media":14599,"template":"","meta":{"_monsterinsights_skip_tracking":false,"_monsterinsights_sitenote_active":false,"_monsterinsights_sitenote_note":"","_monsterinsights_sitenote_category":0},"product_brand":[],"product_cat":[86],"product_tag":[],"class_list":{"0":"post-14704","1":"product","2":"type-product","3":"status-publish","4":"has-post-thumbnail","6":"product_cat-lukukorpused","8":"first","9":"instock","10":"shipping-taxable","11":"purchasable","12":"product-type-simple"},"aioseo_notices":[],"_links":{"self":[{"href":"https:\/\/lukuabipood.ee\/ru\/wp-json\/wp\/v2\/product\/14704","targetHints":{"allow":["GET"]}}],"collection":[{"href":"https:\/\/lukuabipood.ee\/ru\/wp-json\/wp\/v2\/product"}],"about":[{"href":"https:\/\/lukuabipood.ee\/ru\/wp-json\/wp\/v2\/types\/product"}],"version-history":[{"count":1,"href":"https:\/\/lukuabipood.ee\/ru\/wp-json\/wp\/v2\/product\/14704\/revisions"}],"predecessor-version":[{"id":14728,"href":"https:\/\/lukuabipood.ee\/ru\/wp-json\/wp\/v2\/product\/14704\/revisions\/14728"}],"wp:featuredmedia":[{"embeddable":true,"href":"https:\/\/lukuabipood.ee\/ru\/wp-json\/wp\/v2\/media\/14599"}],"wp:attachment":[{"href":"https:\/\/lukuabipood.ee\/ru\/wp-json\/wp\/v2\/media?parent=14704"}],"wp:term":[{"taxonomy":"product_brand","embeddable":true,"href":"https:\/\/lukuabipood.ee\/ru\/wp-json\/wp\/v2\/product_brand?post=14704"},{"taxonomy":"product_cat","embeddable":true,"href":"https:\/\/lukuabipood.ee\/ru\/wp-json\/wp\/v2\/product_cat?post=14704"},{"taxonomy":"product_tag","embeddable":true,"href":"https:\/\/lukuabipood.ee\/ru\/wp-json\/wp\/v2\/product_tag?post=14704"}],"curies":[{"name":"wp","href":"https:\/\/api.w.org\/{rel}","templated":true}]}}