{"id":14472,"date":"2022-08-24T15:01:45","date_gmt":"2022-08-24T15:01:45","guid":{"rendered":"https:\/\/lukuabipood.ee\/?post_type=product&#038;p=14472"},"modified":"2022-08-24T15:01:46","modified_gmt":"2022-08-24T15:01:46","slug":"elektrilukk","status":"publish","type":"product","link":"https:\/\/lukuabipood.ee\/ru\/toode\/elektrilukk\/","title":{"rendered":"Elektrilukk"},"content":{"rendered":"<p>T\u00f5rkekindel kitsa ukse elektriline polt, \u00fchekordne, aja- ja avatud juhe<br \/>\nT\u00f5rkeohutu avamine pinge all<br \/>\nEsiplaat 192Lx25WX37H(mm)<br \/>\nL\u00f6\u00f6v 100Lx25Lx3H(mm)<br \/>\nPolt 17mmDIA, roostevaba teras 13mm<br \/>\nPinge DC12V (DC24V)<br \/>\nK\u00e4ivitusvool 900mA<br \/>\nOotere\u017eiimi vool 120mA<br \/>\nTugev poldiga poleerimiskorpus, 1000 kg hoidev j\u00f5ud<br \/>\nSobib puituksele, klaasuksele, metalluksele, PVC-uksele<br \/>\nSignaali v\u00e4ljundi ukse olek V\u00e4ljund, NO\/NC\/COM<br \/>\nPinnatemperatuur madal temperatuur<br \/>\nInduktsiooni kaugus 8mm<br \/>\nT\u00f6\u00f6temperatuur -10 ~ +55 \u2103 (14-131 F)<br \/>\nT\u00f6\u00f6niiskus 0\u201390% (mittekondenseeruv)<br \/>\nSpetsiaalselt loodud Testitud 500 000 operatsiooni jaoks<br \/>\nEsipinna materjal roostevaba teras<br \/>\nKaal 0,676 kg<\/p>\n<p>Madal temperatuur, ohutu ja vastupidav<br \/>\nV\u00e4ike v\u00f5imsus, keskkonnakaitse<br \/>\nSpetsiaalne fotoelektri juhtimine, kolmeastmeline voolurakendus<br \/>\nPikk eluiga 500 000 operatsiooniga<br \/>\nMOV pakub p\u00f6\u00f6rdvoolukaitset<br \/>\nSuurep\u00e4rase tugevusega alumiiniumsulam, tahke roostevabast terasest polt<br \/>\nAutomaatlukustuse viivitus: 0,3,6,9sek.<br \/>\nUksekuju signaali v\u00e4ljundkontakt (NC.COM)<br \/>\nKahekordne kaitse laadimisvoolu eest<br \/>\nAutomaatne uuesti lukustamine, kui 5 sekundi jooksul toimingut ei tehta.<br \/>\nSertifikaat: CE&amp;MA<br \/>\nFotoelektri juhtimine, madal temperatuur,<br \/>\nV: Madalvoolu muudetakse kohe;<br \/>\nB: Kui ukseraam ei lange kokku ukselehega, ukseleht on vastu polti, siis k\u00e4ivitab elektriline polt madala v\u00f5imsusega funktsiooni madala temperatuuri toomiseks.<br \/>\nC: fotoelektri juhtimistehnoloogia v\u00e4ldib mehaanilist defekti.<\/p>\n","protected":false},"excerpt":{"rendered":"<p>T\u00f5rkekindel kitsa ukse elektriline polt, \u00fchekordne, aja- ja avatud juhe T\u00f5rkeohutu avamine pinge all Esiplaat 192Lx25WX37H(mm) L\u00f6\u00f6v 100Lx25Lx3H(mm) Polt 17mmDIA,<\/p>\n","protected":false},"featured_media":14473,"template":"","meta":{"_monsterinsights_skip_tracking":false,"_monsterinsights_sitenote_active":false,"_monsterinsights_sitenote_note":"","_monsterinsights_sitenote_category":0},"product_brand":[],"product_cat":[89,84],"product_tag":[],"class_list":{"0":"post-14472","1":"product","2":"type-product","3":"status-publish","4":"has-post-thumbnail","6":"product_cat-elektrilukud","7":"product_cat-turvalukud","9":"first","10":"instock","11":"sale","12":"shipping-taxable","13":"purchasable","14":"product-type-simple"},"aioseo_notices":[],"_links":{"self":[{"href":"https:\/\/lukuabipood.ee\/ru\/wp-json\/wp\/v2\/product\/14472","targetHints":{"allow":["GET"]}}],"collection":[{"href":"https:\/\/lukuabipood.ee\/ru\/wp-json\/wp\/v2\/product"}],"about":[{"href":"https:\/\/lukuabipood.ee\/ru\/wp-json\/wp\/v2\/types\/product"}],"version-history":[{"count":2,"href":"https:\/\/lukuabipood.ee\/ru\/wp-json\/wp\/v2\/product\/14472\/revisions"}],"predecessor-version":[{"id":14475,"href":"https:\/\/lukuabipood.ee\/ru\/wp-json\/wp\/v2\/product\/14472\/revisions\/14475"}],"wp:featuredmedia":[{"embeddable":true,"href":"https:\/\/lukuabipood.ee\/ru\/wp-json\/wp\/v2\/media\/14473"}],"wp:attachment":[{"href":"https:\/\/lukuabipood.ee\/ru\/wp-json\/wp\/v2\/media?parent=14472"}],"wp:term":[{"taxonomy":"product_brand","embeddable":true,"href":"https:\/\/lukuabipood.ee\/ru\/wp-json\/wp\/v2\/product_brand?post=14472"},{"taxonomy":"product_cat","embeddable":true,"href":"https:\/\/lukuabipood.ee\/ru\/wp-json\/wp\/v2\/product_cat?post=14472"},{"taxonomy":"product_tag","embeddable":true,"href":"https:\/\/lukuabipood.ee\/ru\/wp-json\/wp\/v2\/product_tag?post=14472"}],"curies":[{"name":"wp","href":"https:\/\/api.w.org\/{rel}","templated":true}]}}