{"id":14163,"date":"2022-08-09T20:04:38","date_gmt":"2022-08-09T20:04:38","guid":{"rendered":"https:\/\/lukuabipood.ee\/?post_type=product&#038;p=14163"},"modified":"2022-08-24T16:53:27","modified_gmt":"2022-08-24T16:53:27","slug":"lisalukk-cisa-suur","status":"publish","type":"product","link":"https:\/\/lukuabipood.ee\/ru\/toode\/lisalukk-cisa-suur\/","title":{"rendered":"Lisalukk Cisa suur"},"content":{"rendered":"<p>Lukukomplekti erip\u00e4ra CISA kolmek\u00fclgne freesitud viie lukukeelega k\u00fclgmisesse raami piita.<\/p>\n<p>Lukustamine kolmest punktist (kolm k\u00fclge). Lukk omab nelja v\u00f5imast silindrilist lukukeelt ja kahepoolset vertikaalset ajamit.V\u00e4limine n\u00e4htav luku plaat on valmistatud roostevabast terasest, mehaanilised lukukeeled nikeldatud terasest , tsingitud korpusega.<\/p>\n<p>T\u00e4indavalt on v\u00f5imalik juurde lisada markeeringu plaat l\u00f5hkumiskindla kattega silindrilisele mehhanismile ja samuti devideerivaid ja blokeerivaid j\u00f5u\u00fclekandeid.<\/p>\n<p>T\u00f5sistele komplekteerimistele soovitame samuti v\u00e4lja vahetada standartse silindri silindriste mehhanismide vastu, mis on palju k\u00f5rgema tasemega.<\/p>\n","protected":false},"excerpt":{"rendered":"<p>Lukukomplekti erip\u00e4ra CISA kolmek\u00fclgne freesitud viie lukukeelega k\u00fclgmisesse raami piita. Lukustamine kolmest punktist (kolm k\u00fclge). Lukk omab nelja v\u00f5imast silindrilist<\/p>\n","protected":false},"featured_media":14164,"template":"","meta":{"_monsterinsights_skip_tracking":false,"_monsterinsights_sitenote_active":false,"_monsterinsights_sitenote_note":"","_monsterinsights_sitenote_category":0},"product_brand":[],"product_cat":[82,86],"product_tag":[],"class_list":{"0":"post-14163","1":"product","2":"type-product","3":"status-publish","4":"has-post-thumbnail","6":"product_cat-lisalukud","7":"product_cat-lukukorpused","9":"first","10":"instock","11":"sale","12":"shipping-taxable","13":"purchasable","14":"product-type-simple"},"aioseo_notices":[],"_links":{"self":[{"href":"https:\/\/lukuabipood.ee\/ru\/wp-json\/wp\/v2\/product\/14163","targetHints":{"allow":["GET"]}}],"collection":[{"href":"https:\/\/lukuabipood.ee\/ru\/wp-json\/wp\/v2\/product"}],"about":[{"href":"https:\/\/lukuabipood.ee\/ru\/wp-json\/wp\/v2\/types\/product"}],"version-history":[{"count":1,"href":"https:\/\/lukuabipood.ee\/ru\/wp-json\/wp\/v2\/product\/14163\/revisions"}],"predecessor-version":[{"id":14166,"href":"https:\/\/lukuabipood.ee\/ru\/wp-json\/wp\/v2\/product\/14163\/revisions\/14166"}],"wp:featuredmedia":[{"embeddable":true,"href":"https:\/\/lukuabipood.ee\/ru\/wp-json\/wp\/v2\/media\/14164"}],"wp:attachment":[{"href":"https:\/\/lukuabipood.ee\/ru\/wp-json\/wp\/v2\/media?parent=14163"}],"wp:term":[{"taxonomy":"product_brand","embeddable":true,"href":"https:\/\/lukuabipood.ee\/ru\/wp-json\/wp\/v2\/product_brand?post=14163"},{"taxonomy":"product_cat","embeddable":true,"href":"https:\/\/lukuabipood.ee\/ru\/wp-json\/wp\/v2\/product_cat?post=14163"},{"taxonomy":"product_tag","embeddable":true,"href":"https:\/\/lukuabipood.ee\/ru\/wp-json\/wp\/v2\/product_tag?post=14163"}],"curies":[{"name":"wp","href":"https:\/\/api.w.org\/{rel}","templated":true}]}}