{"id":14016,"date":"2022-08-09T18:43:25","date_gmt":"2022-08-09T18:43:25","guid":{"rendered":"https:\/\/lukuabipood.ee\/?post_type=product&#038;p=14016"},"modified":"2022-08-25T07:33:13","modified_gmt":"2022-08-25T07:33:13","slug":"lukukomplekt-assa-2000","status":"publish","type":"product","link":"https:\/\/lukuabipood.ee\/ru\/toode\/lukukomplekt-assa-2000\/","title":{"rendered":"Lukukomplekt Assa 2000"},"content":{"rendered":"<p>Turvalukk, milles on koos tava- ja turvalukustus.<\/p>\n<p>Mugav kasutada, kui oled kodus, turvaline, kui oled kodust \u00e4ra.<\/p>\n<p>Kodus olles on ust mugav avada ja lukustada v\u00e4\u00e4ndenupust.<\/p>\n<p>Kodust lahkudes saab v\u00e4\u00e4ndepunu t\u00f6\u00f6 blokeerida luku otsaplaadil olevast niplist ning seej\u00e4rel ei ole enam uksest v\u00f5tmeta v\u00e4ljumine v\u00f5imalik. Koju tulles ust v\u00f5tmega avades taastub v\u00e4\u00e4ndenupu funktsioon automaatselt.<\/p>\n<p>Lukukomplekti kuuluvad: lukuraam Assa 2000, vasturaud 1887-1, kahepoolsed turvas\u00fcdamikud (kaasas 3 v\u00f5tit), s\u00fcdamikukatete komplekt 3212, v\u00e4\u00e4ndenupuga k\u00fcljekatteplaat 4294-60,<\/p>\n<p>Pinnakate: l\u00e4ikiv kroom.<\/p>\n<p>Luku kasutamine:<br \/>\n1. Kodus olles ava ja sule ust v\u00e4\u00e4ndenupust.<br \/>\n2. Kodust lahkudes pane lukk turvaasendisse: l\u00fckka otsaplaadil olev nippel ALLA \u2013 sellega blokeerid v\u00e4\u00e4ndenupu t\u00f6\u00f6.<br \/>\n3. Lukusta uks. N\u00dc\u00dcD SAAB UST AVADA NII V\u00c4LJAST- KUI SEESTPOOLT AINULT V\u00d5TMEGA.<\/p>\n<p>Ust v\u00f5tmega avades taastub automaatselt v\u00e4\u00e4ndenupu funktsioon.<\/p>\n","protected":false},"excerpt":{"rendered":"<p>Turvalukk, milles on koos tava- ja turvalukustus. Mugav kasutada, kui oled kodus, turvaline, kui oled kodust \u00e4ra. Kodus olles on<\/p>\n","protected":false},"featured_media":14018,"template":"","meta":{"_monsterinsights_skip_tracking":false,"_monsterinsights_sitenote_active":false,"_monsterinsights_sitenote_note":"","_monsterinsights_sitenote_category":0},"product_brand":[],"product_cat":[78,86,84],"product_tag":[],"class_list":{"0":"post-14016","1":"product","2":"type-product","3":"status-publish","4":"has-post-thumbnail","6":"product_cat-lukukomplektid","7":"product_cat-lukukorpused","8":"product_cat-turvalukud","10":"first","11":"instock","12":"sale","13":"featured","14":"shipping-taxable","15":"purchasable","16":"product-type-simple"},"aioseo_notices":[],"_links":{"self":[{"href":"https:\/\/lukuabipood.ee\/ru\/wp-json\/wp\/v2\/product\/14016","targetHints":{"allow":["GET"]}}],"collection":[{"href":"https:\/\/lukuabipood.ee\/ru\/wp-json\/wp\/v2\/product"}],"about":[{"href":"https:\/\/lukuabipood.ee\/ru\/wp-json\/wp\/v2\/types\/product"}],"version-history":[{"count":2,"href":"https:\/\/lukuabipood.ee\/ru\/wp-json\/wp\/v2\/product\/14016\/revisions"}],"predecessor-version":[{"id":14468,"href":"https:\/\/lukuabipood.ee\/ru\/wp-json\/wp\/v2\/product\/14016\/revisions\/14468"}],"wp:featuredmedia":[{"embeddable":true,"href":"https:\/\/lukuabipood.ee\/ru\/wp-json\/wp\/v2\/media\/14018"}],"wp:attachment":[{"href":"https:\/\/lukuabipood.ee\/ru\/wp-json\/wp\/v2\/media?parent=14016"}],"wp:term":[{"taxonomy":"product_brand","embeddable":true,"href":"https:\/\/lukuabipood.ee\/ru\/wp-json\/wp\/v2\/product_brand?post=14016"},{"taxonomy":"product_cat","embeddable":true,"href":"https:\/\/lukuabipood.ee\/ru\/wp-json\/wp\/v2\/product_cat?post=14016"},{"taxonomy":"product_tag","embeddable":true,"href":"https:\/\/lukuabipood.ee\/ru\/wp-json\/wp\/v2\/product_tag?post=14016"}],"curies":[{"name":"wp","href":"https:\/\/api.w.org\/{rel}","templated":true}]}}