{"id":19781,"date":"2023-06-15T08:55:21","date_gmt":"2023-06-15T08:55:21","guid":{"rendered":"https:\/\/lukuabipood.ee\/?post_type=product&#038;p=19781"},"modified":"2023-06-15T09:14:08","modified_gmt":"2023-06-15T09:14:08","slug":"vizit-sm101t","status":"publish","type":"product","link":"https:\/\/lukuabipood.ee\/en\/toode\/vizit-sm101t\/","title":{"rendered":"Vizit SM101T"},"content":{"rendered":"<p><strong>Sisek\u00f5ne blokk BVD-SM101T<\/strong><\/p>\n<ul>\n<li>k\u00f5neplokki BVD-SM101T kasutatakse koos toiteplokiga\u00a0<a href=\"https:\/\/domofon-vizit.ru\/production81\/?r413_id=102\">BPD18 \/ 12-1-1<\/a>\u00a0mitme korteri sisetelefoni VIZIT lahutamatu osana;<\/li>\n<li>tellijate arv &#8211; kuni 100<\/li>\n<li>dupleksvaljuh\u00e4\u00e4ldi;<\/li>\n<li>m\u00e4lu 600\u00a0<a href=\"https:\/\/domofon-vizit.ru\/production41\/?r417_id=105\">VIZIT-TM<\/a>\u00a0v\u00f5tme jaoks ;<\/li>\n<li>\u00fche korterinumbri v\u00f5tmete arv &#8211; 6;<\/li>\n<li>t\u00f6\u00f6re\u017eiimide helisignaal;<\/li>\n<li>4-kohaline indikaator;<\/li>\n<li>programmeeritav luku avamise kestus &#8211; 1 kuni 20 sekundit;<\/li>\n<li>v\u00e4lisukse luku avamine:<br \/>\n&#8211; vajutades side ajal UKP sisetelefoni sisetelefoni seadme v\u00f5i monitori luku avamise nuppu;<br \/>\n&#8211; 4-kohalise \u00fchiskoodi valimisel;<br \/>\n&#8211; 3-kohalise individuaalse koodi valimisel;<br \/>\n&#8211; kui vajutate v\u00e4ljumiseks nuppu;<br \/>\n&#8211; v\u00f5tmed\u00a0<a href=\"https:\/\/domofon-vizit.ru\/production41\/?r417_id=105\">VIZIT-TM<\/a>\u00a0(DS1990A).\u00a0V\u00f5tmetena saab kasutada\u00a0\u00a0ainult originaalseid\u00a0<strong>iButton\u00ae\u00a0<\/strong><strong>identifikaatoreid ;<\/strong><\/li>\n<li>v\u00f5imalus \u00fcksikute korterite k\u00f5ne v\u00e4lja l\u00fclitada;<\/li>\n<li>t\u00f6\u00f6tage VIZITi uksehoidjaga;<\/li>\n<li>toitepinge, V: 22\u00b14;<\/li>\n<li>tarbitud vool, A, mitte rohkem kui: 0,3;<\/li>\n<li>\u00fcldm\u00f5\u00f5tmed, mm, (LxKxS) &#8211; 86x170x25;<\/li>\n<li>paigaldusv\u00f5imalus &#8211; saateleht;<\/li>\n<li>t\u00f6\u00f6temperatuuri vahemik, \u00b0\u0421 &#8211; miinus 40 kuni pluss 45.<\/li>\n<li>Toote kasutusjuhend (pass) on toodud tehnilise lisainfo lehel.<\/li>\n<\/ul>\n","protected":false},"excerpt":{"rendered":"<p>Sisek\u00f5ne blokk BVD-SM101T k\u00f5neplokki BVD-SM101T kasutatakse koos toiteplokiga\u00a0BPD18 \/ 12-1-1\u00a0mitme korteri sisetelefoni VIZIT lahutamatu osana; tellijate arv &#8211; kuni 100<\/p>\n","protected":false},"featured_media":19793,"template":"","meta":{"_monsterinsights_skip_tracking":false,"_monsterinsights_sitenote_active":false,"_monsterinsights_sitenote_note":"","_monsterinsights_sitenote_category":0},"product_brand":[],"product_cat":[20],"product_tag":[],"class_list":{"0":"post-19781","1":"product","2":"type-product","3":"status-publish","4":"has-post-thumbnail","6":"product_cat-fonolukud","8":"first","9":"instock","10":"shipping-taxable","11":"product-type-simple"},"aioseo_notices":[],"_links":{"self":[{"href":"https:\/\/lukuabipood.ee\/en\/wp-json\/wp\/v2\/product\/19781","targetHints":{"allow":["GET"]}}],"collection":[{"href":"https:\/\/lukuabipood.ee\/en\/wp-json\/wp\/v2\/product"}],"about":[{"href":"https:\/\/lukuabipood.ee\/en\/wp-json\/wp\/v2\/types\/product"}],"version-history":[{"count":2,"href":"https:\/\/lukuabipood.ee\/en\/wp-json\/wp\/v2\/product\/19781\/revisions"}],"predecessor-version":[{"id":19789,"href":"https:\/\/lukuabipood.ee\/en\/wp-json\/wp\/v2\/product\/19781\/revisions\/19789"}],"wp:featuredmedia":[{"embeddable":true,"href":"https:\/\/lukuabipood.ee\/en\/wp-json\/wp\/v2\/media\/19793"}],"wp:attachment":[{"href":"https:\/\/lukuabipood.ee\/en\/wp-json\/wp\/v2\/media?parent=19781"}],"wp:term":[{"taxonomy":"product_brand","embeddable":true,"href":"https:\/\/lukuabipood.ee\/en\/wp-json\/wp\/v2\/product_brand?post=19781"},{"taxonomy":"product_cat","embeddable":true,"href":"https:\/\/lukuabipood.ee\/en\/wp-json\/wp\/v2\/product_cat?post=19781"},{"taxonomy":"product_tag","embeddable":true,"href":"https:\/\/lukuabipood.ee\/en\/wp-json\/wp\/v2\/product_tag?post=19781"}],"curies":[{"name":"wp","href":"https:\/\/api.w.org\/{rel}","templated":true}]}}