{"id":19754,"date":"2023-06-13T10:26:17","date_gmt":"2023-06-13T10:26:17","guid":{"rendered":"https:\/\/lukuabipood.ee\/?post_type=product&#038;p=19754"},"modified":"2023-06-15T08:06:42","modified_gmt":"2023-06-15T08:06:42","slug":"tiziano-varava-pindala-kuni-10-m2-kaal-kuni-60-kg","status":"publish","type":"product","link":"https:\/\/lukuabipood.ee\/en\/toode\/tiziano-varava-pindala-kuni-10-m2-kaal-kuni-60-kg\/","title":{"rendered":"Tiziano, v\u00e4rava pindala kuni 10 m2, kaal kuni 60 kg"},"content":{"rendered":"<p>Elektrimehaaniline ajam Tiziano \u00fclest\u00f5stetavatele v\u00e4ravatele pidalaga kuni 10 m<sup>2<\/sup>, kaaluga kuni 60 kg. Toitepinge 24V, mootori v\u00f5imsus 236 W.<br \/>\nIntensiivseks kasutamiseks. V\u00e4ravad sulguvad \/ avanevad 28 sekundi jooksul. Avamiskiirus 0,11 m\/s.<br \/>\nT\u00f6\u00f6temperatuur: -15 \u00b0C kuni +60 \u00b0C.<br \/>\nSeadme kaal: 5 kg.<\/p>\n<p>Ajam on kergesti ja kiiresti paigaldatav.<br \/>\nAjami r\u00f6\u00f6paid saab kinnitada vahetult lae k\u00fclge. Elektrikaablid mahuvad ajamis olevasse \u00f5\u00f5nsusesse.-<br \/>\nL\u00f5ppl\u00fcliti koos kodeerimisseadmega kindlustab v\u00e4rava sulgemise maksimaalse t\u00e4psuse.<\/p>\n<p>Juhul kui \u00fclest\u00f5stetavate v\u00e4ravate sulgemisel tekib takistus, v\u00e4ravad avanevad iseenesest ja turvas\u00fcsteem kaitseb inimesi vigastuste ja esemetele kahju tekitamise eest.<\/p>\n","protected":false},"excerpt":{"rendered":"<p>Elektrimehaaniline ajam Tiziano \u00fclest\u00f5stetavatele v\u00e4ravatele pidalaga kuni 10 m2, kaaluga kuni 60 kg. Toitepinge 24V, mootori v\u00f5imsus 236 W. Intensiivseks<\/p>\n","protected":false},"featured_media":19755,"template":"","meta":{"_monsterinsights_skip_tracking":false,"_monsterinsights_sitenote_active":false,"_monsterinsights_sitenote_note":"","_monsterinsights_sitenote_category":0},"product_brand":[],"product_cat":[231],"product_tag":[],"class_list":{"0":"post-19754","1":"product","2":"type-product","3":"status-publish","4":"has-post-thumbnail","6":"product_cat-automaatika","8":"first","9":"instock","10":"shipping-taxable","11":"product-type-simple"},"aioseo_notices":[],"_links":{"self":[{"href":"https:\/\/lukuabipood.ee\/en\/wp-json\/wp\/v2\/product\/19754","targetHints":{"allow":["GET"]}}],"collection":[{"href":"https:\/\/lukuabipood.ee\/en\/wp-json\/wp\/v2\/product"}],"about":[{"href":"https:\/\/lukuabipood.ee\/en\/wp-json\/wp\/v2\/types\/product"}],"version-history":[{"count":1,"href":"https:\/\/lukuabipood.ee\/en\/wp-json\/wp\/v2\/product\/19754\/revisions"}],"predecessor-version":[{"id":19758,"href":"https:\/\/lukuabipood.ee\/en\/wp-json\/wp\/v2\/product\/19754\/revisions\/19758"}],"wp:featuredmedia":[{"embeddable":true,"href":"https:\/\/lukuabipood.ee\/en\/wp-json\/wp\/v2\/media\/19755"}],"wp:attachment":[{"href":"https:\/\/lukuabipood.ee\/en\/wp-json\/wp\/v2\/media?parent=19754"}],"wp:term":[{"taxonomy":"product_brand","embeddable":true,"href":"https:\/\/lukuabipood.ee\/en\/wp-json\/wp\/v2\/product_brand?post=19754"},{"taxonomy":"product_cat","embeddable":true,"href":"https:\/\/lukuabipood.ee\/en\/wp-json\/wp\/v2\/product_cat?post=19754"},{"taxonomy":"product_tag","embeddable":true,"href":"https:\/\/lukuabipood.ee\/en\/wp-json\/wp\/v2\/product_tag?post=19754"}],"curies":[{"name":"wp","href":"https:\/\/api.w.org\/{rel}","templated":true}]}}