{"id":19712,"date":"2023-06-13T08:54:03","date_gmt":"2023-06-13T08:54:03","guid":{"rendered":"https:\/\/lukuabipood.ee\/?post_type=product&#038;p=19712"},"modified":"2023-06-15T08:16:55","modified_gmt":"2023-06-15T08:16:55","slug":"19712","status":"publish","type":"product","link":"https:\/\/lukuabipood.ee\/en\/toode\/19712\/","title":{"rendered":"L\u00e4bip\u00e4\u00e4sukontrolli s\u00fcsteem SMART TTLOCK"},"content":{"rendered":"<p>Mitu erinevat avamisviisi: PIN koodiga, Kaardiga, Nutitelefoniga<\/p>\n<p>H\u00e4sti sobiv kasutamiseks v\u00e4litingimustes, ilmastiku kaitseklass IP66.<\/p>\n<p>M\u00f5\u00f5tmed:<br \/>\nPikkus 148mm * Laius 43.mm * Paksus 22mm<br \/>\nKaal: 1kg<\/p>\n<p>Selle lahenduse peamised eelised:<br \/>\nLuku juhtimine PIN-koodide, ID-kaardi, s\u00f5rmej\u00e4lje v\u00f5i telefoniga TTlock rakendusega<br \/>\nAdministraatori parool<\/p>\n<p>NC \/ NO relee juhtimine<br \/>\nKaardi t\u00fc\u00fcp: ID 125KHz EM<br \/>\nToetatud on kuni 100 kasutajat<br \/>\nToetatud on kuni 1000 kaarti<br \/>\nPIN-kood 3-6 numbrit<br \/>\nT\u00f6\u00f6keskkond: -20 \u2013 70 \u00b0C<br \/>\nTehnilised parameetrid:<br \/>\nM\u00f5\u00f5dud:Pikkus 148mm * Laius 43.mm * Paksus 22mm<br \/>\nMaterjal: metall tsink<br \/>\nToide: DC12-18V<br \/>\nKaitse: IP66 Veekindel<br \/>\nKaal: 1000g<\/p>\n","protected":false},"excerpt":{"rendered":"<p>Mitu erinevat avamisviisi: PIN koodiga, Kaardiga, Nutitelefoniga H\u00e4sti sobiv kasutamiseks v\u00e4litingimustes, ilmastiku kaitseklass IP66. M\u00f5\u00f5tmed: Pikkus 148mm * Laius 43.mm<\/p>\n","protected":false},"featured_media":19713,"template":"","meta":{"_monsterinsights_skip_tracking":false,"_monsterinsights_sitenote_active":false,"_monsterinsights_sitenote_note":"","_monsterinsights_sitenote_category":0},"product_brand":[],"product_cat":[29],"product_tag":[],"class_list":{"0":"post-19712","1":"product","2":"type-product","3":"status-publish","4":"has-post-thumbnail","6":"product_cat-nutilukud","8":"first","9":"instock","10":"shipping-taxable","11":"product-type-simple"},"aioseo_notices":[],"_links":{"self":[{"href":"https:\/\/lukuabipood.ee\/en\/wp-json\/wp\/v2\/product\/19712","targetHints":{"allow":["GET"]}}],"collection":[{"href":"https:\/\/lukuabipood.ee\/en\/wp-json\/wp\/v2\/product"}],"about":[{"href":"https:\/\/lukuabipood.ee\/en\/wp-json\/wp\/v2\/types\/product"}],"version-history":[{"count":3,"href":"https:\/\/lukuabipood.ee\/en\/wp-json\/wp\/v2\/product\/19712\/revisions"}],"predecessor-version":[{"id":19719,"href":"https:\/\/lukuabipood.ee\/en\/wp-json\/wp\/v2\/product\/19712\/revisions\/19719"}],"wp:featuredmedia":[{"embeddable":true,"href":"https:\/\/lukuabipood.ee\/en\/wp-json\/wp\/v2\/media\/19713"}],"wp:attachment":[{"href":"https:\/\/lukuabipood.ee\/en\/wp-json\/wp\/v2\/media?parent=19712"}],"wp:term":[{"taxonomy":"product_brand","embeddable":true,"href":"https:\/\/lukuabipood.ee\/en\/wp-json\/wp\/v2\/product_brand?post=19712"},{"taxonomy":"product_cat","embeddable":true,"href":"https:\/\/lukuabipood.ee\/en\/wp-json\/wp\/v2\/product_cat?post=19712"},{"taxonomy":"product_tag","embeddable":true,"href":"https:\/\/lukuabipood.ee\/en\/wp-json\/wp\/v2\/product_tag?post=19712"}],"curies":[{"name":"wp","href":"https:\/\/api.w.org\/{rel}","templated":true}]}}