{"id":15418,"date":"2022-08-25T18:37:00","date_gmt":"2022-08-25T18:37:00","guid":{"rendered":"https:\/\/lukuabipood.ee\/?post_type=product&#038;p=15418"},"modified":"2023-06-15T08:50:26","modified_gmt":"2023-06-15T08:50:26","slug":"sulgur-valnes-68-hobe-3","status":"publish","type":"product","link":"https:\/\/lukuabipood.ee\/en\/toode\/sulgur-valnes-68-hobe-3\/","title":{"rendered":"Sulgur Valnes 68 h\u00f5be"},"content":{"rendered":"<p>reguleeritav sulgemisj\u00f5ud EN 2-4<br \/>\nreguleeritav sulgemiskiirus<br \/>\nreguleeritav l\u00f5ppt\u00f5mme<br \/>\nparema ja vasakuk\u00e4eline paigaluds<br \/>\nkomplekteeritud k\u00e4\u00e4rvarrega<br \/>\nstandardv\u00e4rv h\u00f5bedane<br \/>\nCE m\u00e4rgistusega<br \/>\nsobiv tulet\u00f5kke- ja suitsut\u00f5kkeustele<\/p>\n","protected":false},"excerpt":{"rendered":"<p>reguleeritav sulgemisj\u00f5ud EN 2-4 reguleeritav sulgemiskiirus reguleeritav l\u00f5ppt\u00f5mme parema ja vasakuk\u00e4eline paigaluds komplekteeritud k\u00e4\u00e4rvarrega standardv\u00e4rv h\u00f5bedane CE m\u00e4rgistusega sobiv tulet\u00f5kke-<\/p>\n","protected":false},"featured_media":14936,"template":"","meta":{"_monsterinsights_skip_tracking":false,"_monsterinsights_sitenote_active":false,"_monsterinsights_sitenote_note":"","_monsterinsights_sitenote_category":0},"product_brand":[],"product_cat":[75],"product_tag":[],"class_list":{"0":"post-15418","1":"product","2":"type-product","3":"status-publish","4":"has-post-thumbnail","6":"product_cat-uksesulgurid","8":"first","9":"instock","10":"shipping-taxable","11":"product-type-simple"},"aioseo_notices":[],"_links":{"self":[{"href":"https:\/\/lukuabipood.ee\/en\/wp-json\/wp\/v2\/product\/15418","targetHints":{"allow":["GET"]}}],"collection":[{"href":"https:\/\/lukuabipood.ee\/en\/wp-json\/wp\/v2\/product"}],"about":[{"href":"https:\/\/lukuabipood.ee\/en\/wp-json\/wp\/v2\/types\/product"}],"version-history":[{"count":2,"href":"https:\/\/lukuabipood.ee\/en\/wp-json\/wp\/v2\/product\/15418\/revisions"}],"predecessor-version":[{"id":19780,"href":"https:\/\/lukuabipood.ee\/en\/wp-json\/wp\/v2\/product\/15418\/revisions\/19780"}],"wp:featuredmedia":[{"embeddable":true,"href":"https:\/\/lukuabipood.ee\/en\/wp-json\/wp\/v2\/media\/14936"}],"wp:attachment":[{"href":"https:\/\/lukuabipood.ee\/en\/wp-json\/wp\/v2\/media?parent=15418"}],"wp:term":[{"taxonomy":"product_brand","embeddable":true,"href":"https:\/\/lukuabipood.ee\/en\/wp-json\/wp\/v2\/product_brand?post=15418"},{"taxonomy":"product_cat","embeddable":true,"href":"https:\/\/lukuabipood.ee\/en\/wp-json\/wp\/v2\/product_cat?post=15418"},{"taxonomy":"product_tag","embeddable":true,"href":"https:\/\/lukuabipood.ee\/en\/wp-json\/wp\/v2\/product_tag?post=15418"}],"curies":[{"name":"wp","href":"https:\/\/api.w.org\/{rel}","templated":true}]}}