{"id":14870,"date":"2022-08-25T17:20:00","date_gmt":"2022-08-25T17:20:00","guid":{"rendered":"https:\/\/lukuabipood.ee\/?post_type=product&#038;p=14870"},"modified":"2022-08-25T17:20:00","modified_gmt":"2022-08-25T17:20:00","slug":"nutikas-ukselink-inovo","status":"publish","type":"product","link":"https:\/\/lukuabipood.ee\/en\/toode\/nutikas-ukselink-inovo\/","title":{"rendered":"Nutikas ukselink iNOVO"},"content":{"rendered":"<p><strong>Eelised<\/strong><\/p>\n<ol>\n<li>Ust saab lukustada kaugjuhtimisega Wi-Fi ja Bluetooth abil, s\u00f5rmej\u00e4lgedega, magnetkaardiga, PIN koodiga, tavalise v\u00f5tmega.<\/li>\n<li>Nutitelefoniga saate lukustamist juhtida kaugjuhtimise teel \u00fcksk\u00f5ik millisest asukohast.<\/li>\n<li>\u00dche nutitelefoniga saab juhtida mitut ukselukku.<\/li>\n<li>Ajutise parooli loomine erinevate skriptidega.<\/li>\n<li>Mitmetasandilised administreerimise funktsioonid, lihtsam juhtimine.<\/li>\n<li>Kompaktne disain, mis sobib ideaalselt puidust ja metallist ustele.<\/li>\n<li>FPC s\u00f5rmeskanner lisaturvalisuse tagamiseks.<\/li>\n<li>Avariiline luku avamine, USB-laadija abil.<\/li>\n<li>Sobib igat t\u00fc\u00fcpi ukselukkudele, vastavalt DIN ja Scandi standarditele.<\/li>\n<li>Avariiline luku avamine tavalise v\u00f5tmega.<\/li>\n<li>V\u00f5imalikud v\u00e4rvusaed: hall, h\u00f5bedane, must.<\/li>\n<\/ol>\n<p><strong>Faktid<\/strong><\/p>\n<p>SV31B omadused:<\/p>\n<ul>\n<li>S\u00f5rmej\u00e4ljed: 200;<\/li>\n<li>Magnetkaardid: 200;<\/li>\n<li>E-v\u00f5tme klahvid: piiramatu kogus;<\/li>\n<li>PIN-koodid: 150, e-parool-salas\u00f5na: 200;<\/li>\n<li>Aku t\u00f6\u00f6aja kestvus, ts\u00fcklid avamine \/ sulgemine: 3000\u20134000 v\u00f5i 8\u201310 kuud;<\/li>\n<li>Luku f\u00fc\u00fcsiline t\u00f6\u00f6iga: 10 aastat v\u00f5i 300 000 avamis \/ sulgemists\u00fcklit.<\/li>\n<\/ul>\n<p>Altpoolt leiate lahendused k\u00f5ikidele vajadustele.<\/p>\n<ul>\n<li>Ukselukkude ja ukselinkide juhtimine s\u00f5rmej\u00e4lgedega (<strong>Fingerprint<\/strong>).<\/li>\n<li>Ukselukkude juhtimine magnetkaartidega (<strong>Magnetic cards<\/strong>).<\/li>\n<li>Ukselukkude ja ukselinkide juhtimine <strong>PIN-koodidega<\/strong>.<\/li>\n<li>Nutikate ukselukkude ja ukselinkide juhtimine telefonirakendusega (<strong>Bluetooth<\/strong>).<\/li>\n<li>Lahendused hotellidele, <strong>Airbnb<\/strong>\u00a0lukud, lingid, tarkvara.<\/li>\n<li>Tabalukkude juhtimine nutitelefoniga, PIN-koodidega, s\u00f5rmej\u00e4lgedega.<\/li>\n<\/ul>\n<p><strong><span class=\"editor-content\">Selle s\u00fcsteemi p\u00f5hilised eelised<\/span>:<\/strong><\/p>\n<ul>\n<li>T\u00f6\u00f6tab patareidega, ilma t\u00e4iendavate juhtmeteta, patareide t\u00f6\u00f6aeg 12-24 kuud.<\/li>\n<li>Avariiline avamine tavalise v\u00f5tmega, v\u00f5imalus patareisid t\u00e4is\u00a0 laadida.<\/li>\n<li>Testitud 200.000 avamists\u00fcklile.<\/li>\n<li>AES256 turvatase.<\/li>\n<li>Ajutise l\u00e4bip\u00e4\u00e4su osutamine SMS, Messenger, E-postiga.<\/li>\n<li>Luku juhtimise ja s\u00fcndmuste ajalugu.<\/li>\n<li>Luku haldamine h\u00e4\u00e4leassistentidega \u201eAlexa\u201c v\u00f5i \u201eGoogle\u201c abil<\/li>\n<\/ul>\n<p>Need on kaasaegsed ja eksklusiivse disainiga ukselukud.<br \/>\nVeekindlad (IP55) roostevabast terasest eriti kvaliteetsed ja tugevad korpused ja seadmed.<br \/>\nV\u00f5tmeta ja turvalised ukseluku juhtimiss\u00fcsteemid, kus lukkude juhtimiseks pole enam vaja tavalist v\u00f5tit.<br \/>\nSobib igat t\u00fc\u00fcpi ukselukkudele: Scandi, DIN standard, soomustatud uksed jne.<br \/>\nIdeaalne l\u00e4hendus teie kodule ja ettev\u00f5ttele<\/p>\n<p><iframe title=\"S31B Smart Lock Display Video\" src=\"https:\/\/www.youtube.com\/embed\/JjXkj-Lg9Yk?feature=oembed\" width=\"960\" height=\"540\" frameborder=\"0\" allowfullscreen=\"allowfullscreen\" data-mce-fragment=\"1\"><\/iframe><\/p>\n","protected":false},"excerpt":{"rendered":"<p>Eelised Ust saab lukustada kaugjuhtimisega Wi-Fi ja Bluetooth abil, s\u00f5rmej\u00e4lgedega, magnetkaardiga, PIN koodiga, tavalise v\u00f5tmega. Nutitelefoniga saate lukustamist juhtida kaugjuhtimise<\/p>\n","protected":false},"featured_media":14871,"template":"","meta":{"_monsterinsights_skip_tracking":false,"_monsterinsights_sitenote_active":false,"_monsterinsights_sitenote_note":"","_monsterinsights_sitenote_category":0},"product_brand":[],"product_cat":[89,29,28],"product_tag":[],"class_list":{"0":"post-14870","1":"product","2":"type-product","3":"status-publish","4":"has-post-thumbnail","6":"product_cat-elektrilukud","7":"product_cat-nutilukud","8":"product_cat-ukselingid","10":"first","11":"instock","12":"sale","13":"shipping-taxable","14":"purchasable","15":"product-type-simple"},"aioseo_notices":[],"_links":{"self":[{"href":"https:\/\/lukuabipood.ee\/en\/wp-json\/wp\/v2\/product\/14870","targetHints":{"allow":["GET"]}}],"collection":[{"href":"https:\/\/lukuabipood.ee\/en\/wp-json\/wp\/v2\/product"}],"about":[{"href":"https:\/\/lukuabipood.ee\/en\/wp-json\/wp\/v2\/types\/product"}],"version-history":[{"count":1,"href":"https:\/\/lukuabipood.ee\/en\/wp-json\/wp\/v2\/product\/14870\/revisions"}],"predecessor-version":[{"id":14872,"href":"https:\/\/lukuabipood.ee\/en\/wp-json\/wp\/v2\/product\/14870\/revisions\/14872"}],"wp:featuredmedia":[{"embeddable":true,"href":"https:\/\/lukuabipood.ee\/en\/wp-json\/wp\/v2\/media\/14871"}],"wp:attachment":[{"href":"https:\/\/lukuabipood.ee\/en\/wp-json\/wp\/v2\/media?parent=14870"}],"wp:term":[{"taxonomy":"product_brand","embeddable":true,"href":"https:\/\/lukuabipood.ee\/en\/wp-json\/wp\/v2\/product_brand?post=14870"},{"taxonomy":"product_cat","embeddable":true,"href":"https:\/\/lukuabipood.ee\/en\/wp-json\/wp\/v2\/product_cat?post=14870"},{"taxonomy":"product_tag","embeddable":true,"href":"https:\/\/lukuabipood.ee\/en\/wp-json\/wp\/v2\/product_tag?post=14870"}],"curies":[{"name":"wp","href":"https:\/\/api.w.org\/{rel}","templated":true}]}}