{"id":14742,"date":"2022-08-24T17:49:18","date_gmt":"2022-08-24T17:49:18","guid":{"rendered":"https:\/\/lukuabipood.ee\/?post_type=product&#038;p=14742"},"modified":"2022-08-24T17:49:19","modified_gmt":"2022-08-24T17:49:19","slug":"lukukorpus-abloy-414-pruun","status":"publish","type":"product","link":"https:\/\/lukuabipood.ee\/en\/toode\/lukukorpus-abloy-414-pruun\/","title":{"rendered":"Lukukorpus Abloy 414 Pruun"},"content":{"rendered":"<p>Korpus siseustele, lukustatav v\u00e4\u00e4ndenupuga.<\/p>\n<p>    Kasutatakse korterite sise- ja wc-ustel. Lukk on s\u00fcmmeetriline, ukse avanemissuund ei ole t\u00e4htis.<\/p>\n<p>Ei saa sarjastada ABLOY v\u00f5tmepesadega.<\/p>\n","protected":false},"excerpt":{"rendered":"<p>Korpus siseustele, lukustatav v\u00e4\u00e4ndenupuga. Kasutatakse korterite sise- ja wc-ustel. Lukk on s\u00fcmmeetriline, ukse avanemissuund ei ole t\u00e4htis. Ei saa sarjastada<\/p>\n","protected":false},"featured_media":14558,"template":"","meta":{"_monsterinsights_skip_tracking":false,"_monsterinsights_sitenote_active":false,"_monsterinsights_sitenote_note":"","_monsterinsights_sitenote_category":0},"product_brand":[],"product_cat":[86],"product_tag":[],"class_list":{"0":"post-14742","1":"product","2":"type-product","3":"status-publish","4":"has-post-thumbnail","6":"product_cat-lukukorpused","8":"first","9":"instock","10":"shipping-taxable","11":"purchasable","12":"product-type-simple"},"aioseo_notices":[],"_links":{"self":[{"href":"https:\/\/lukuabipood.ee\/en\/wp-json\/wp\/v2\/product\/14742","targetHints":{"allow":["GET"]}}],"collection":[{"href":"https:\/\/lukuabipood.ee\/en\/wp-json\/wp\/v2\/product"}],"about":[{"href":"https:\/\/lukuabipood.ee\/en\/wp-json\/wp\/v2\/types\/product"}],"version-history":[{"count":1,"href":"https:\/\/lukuabipood.ee\/en\/wp-json\/wp\/v2\/product\/14742\/revisions"}],"predecessor-version":[{"id":14756,"href":"https:\/\/lukuabipood.ee\/en\/wp-json\/wp\/v2\/product\/14742\/revisions\/14756"}],"wp:featuredmedia":[{"embeddable":true,"href":"https:\/\/lukuabipood.ee\/en\/wp-json\/wp\/v2\/media\/14558"}],"wp:attachment":[{"href":"https:\/\/lukuabipood.ee\/en\/wp-json\/wp\/v2\/media?parent=14742"}],"wp:term":[{"taxonomy":"product_brand","embeddable":true,"href":"https:\/\/lukuabipood.ee\/en\/wp-json\/wp\/v2\/product_brand?post=14742"},{"taxonomy":"product_cat","embeddable":true,"href":"https:\/\/lukuabipood.ee\/en\/wp-json\/wp\/v2\/product_cat?post=14742"},{"taxonomy":"product_tag","embeddable":true,"href":"https:\/\/lukuabipood.ee\/en\/wp-json\/wp\/v2\/product_tag?post=14742"}],"curies":[{"name":"wp","href":"https:\/\/api.w.org\/{rel}","templated":true}]}}