{"id":14167,"date":"2022-08-09T20:05:40","date_gmt":"2022-08-09T20:05:40","guid":{"rendered":"https:\/\/lukuabipood.ee\/?post_type=product&#038;p=14167"},"modified":"2022-08-24T16:53:55","modified_gmt":"2022-08-24T16:53:55","slug":"lisalukk-cisa-kodeeritav","status":"publish","type":"product","link":"https:\/\/lukuabipood.ee\/en\/toode\/lisalukk-cisa-kodeeritav\/","title":{"rendered":"Lisalukk Cisa kodeeritav"},"content":{"rendered":"<p><strong>Lisalukk Cisa kodeeritav<\/strong><\/p>\n<p>Mehhaanilise \u00fcmberkodeerimisega lukk<b> CISA 57675<\/b>, montaazi v\u00f5ti, <b>New Cambio Facile <\/b>5 uue v\u00f5tmega, katted lukus\u00fcdamikule on dekoratiivsed l\u00e4ikivast kroomist ja messingust v\u00f5i matt kroomist .Komplekti p\u00f5hi\u00e4rasus lukk <b>CISA <\/b>kolmek\u00fclgne <b>New CAMBIO FACILE <\/b>kuue lukustusavaga nelja riiviga raami k\u00fclgmisesse piita, \u00fcmberkodeerimise v\u00f5imalusega v\u00f5tmete kaotuse korral. Lukustamine kolmest punktist (kolmest k\u00fcljest). Lukul on 4 v\u00f5imast silindrilist tugevat keelt ja kahepoolne vertikaalne ajam, mis juhitakse nelja keeruga lukuv\u00f5tmega ja terasest blokeeriva automaatlukuga.Kahepoolne lukuv\u00f5ti v\u00f5imaldab t\u00e4ielikult avada lukk mehhaaniliselt. V\u00e4limine n\u00e4htav lukuplaat on valmistatud roostevabast terasest , terasest nikeldatud lukukeeled, tsingitud korpusega.<\/p>\n<p>Luku ise\u00e4rasuseks on v\u00f5imalus luku \u00fcmberprogrammeerimine (v\u00f5tmete komplekti vahetamine), vanade ja uute v\u00f5tmete ning spetsiaalse tehnoloogilise v\u00f5tme lihtsate manipuleerimiste abil, mis kuuluvad lukukomplekti. <b>New Cambio Facile <\/b>koosneb 5 v\u00f5tmest,mis on kuue lukustusava \u00fcmberkodeerimis v\u00f5imalusega luku CISA jaoks. Kompleti on lisatud instruktsioon, \u00fcmberkodeerimise v\u00f5ti, mille abil Tellija iseseisvalt v\u00f5ib korraldada \u00fcmberkodeerimise. T\u00e4helepanu: koodi vahetamiseks on vajalik \u00fcks v\u00f5ti vanast komplektist.<\/p>\n<p><span class=\"editor-content\">Lukk omab tugevat mehhaanilist vastupidavust ja asetada seda v\u00f5imsatesse tugevdatud ustesse.T\u00e4iendavalt on v\u00f5imalik paigaldada mangaan plaat kodeerimisplaadi <b>DOBLE BIT KEY CYLINDER <\/b>soomuskattega ja ilma selleta, samuti devideerivatte ja blokeerivatele j\u00f5u\u00fclekannetele.<\/span><\/p>\n<p><b>V\u00f5tmete komplekti vahetamise instruktsioon.<br \/>\n<\/b><\/p>\n<p>Peale ukse paigaldamist vertikaalsesse asendisse(t\u00f6\u00f6asendisse) v\u00f5tmega v\u00e4lja keerata lukukeeled.<\/p>\n<p>Avada karp, v\u00f5tta v\u00e4lja tehniline <b>L<\/b>-kujuline v\u00f5ti. Asetada luku s\u00fcdamikku uue komplekti v\u00f5ti.Asetada <b>L<\/b>-kujuline v\u00f5ti spetsialsesse avasse ukse pakus.See asub luku alumises osas v\u00e4ljakeeratud lukukeelte all. Vajutada <b>L<\/b>-kujulisele v\u00f5tmele ja keerata kellaosuti vastas suunas 90 kraadi kuni kl\u00f5psuni ja seej\u00e4rel eemaldada tehniline<br \/>\n<b>L<\/b>-kujuline v\u00f5ti.Keerata uut v\u00f5tit ja keerata tagasi lukukeeled.See t\u00e4hendab: avada lukk t\u00e4ielikult. \u00dcmberkodeerimine on l\u00f5petatud. \u00dcmberkodeerimist v\u00f5ib l\u00e4bi viia korduvalt.Sealjuures k\u00f5ik vanad v\u00f5tmed v\u00f5ivad olla korduvalt kodeeritud.<\/p>\n","protected":false},"excerpt":{"rendered":"<p>Lisalukk Cisa kodeeritav Mehhaanilise \u00fcmberkodeerimisega lukk CISA 57675, montaazi v\u00f5ti, New Cambio Facile 5 uue v\u00f5tmega, katted lukus\u00fcdamikule on dekoratiivsed<\/p>\n","protected":false},"featured_media":14164,"template":"","meta":{"_monsterinsights_skip_tracking":false,"_monsterinsights_sitenote_active":false,"_monsterinsights_sitenote_note":"","_monsterinsights_sitenote_category":0},"product_brand":[],"product_cat":[72,82,86,84],"product_tag":[],"class_list":{"0":"post-14167","1":"product","2":"type-product","3":"status-publish","4":"has-post-thumbnail","6":"product_cat-garaaziuste-tooted","7":"product_cat-lisalukud","8":"product_cat-lukukorpused","9":"product_cat-turvalukud","11":"first","12":"instock","13":"sale","14":"shipping-taxable","15":"purchasable","16":"product-type-simple"},"aioseo_notices":[],"_links":{"self":[{"href":"https:\/\/lukuabipood.ee\/en\/wp-json\/wp\/v2\/product\/14167","targetHints":{"allow":["GET"]}}],"collection":[{"href":"https:\/\/lukuabipood.ee\/en\/wp-json\/wp\/v2\/product"}],"about":[{"href":"https:\/\/lukuabipood.ee\/en\/wp-json\/wp\/v2\/types\/product"}],"version-history":[{"count":1,"href":"https:\/\/lukuabipood.ee\/en\/wp-json\/wp\/v2\/product\/14167\/revisions"}],"predecessor-version":[{"id":14168,"href":"https:\/\/lukuabipood.ee\/en\/wp-json\/wp\/v2\/product\/14167\/revisions\/14168"}],"wp:featuredmedia":[{"embeddable":true,"href":"https:\/\/lukuabipood.ee\/en\/wp-json\/wp\/v2\/media\/14164"}],"wp:attachment":[{"href":"https:\/\/lukuabipood.ee\/en\/wp-json\/wp\/v2\/media?parent=14167"}],"wp:term":[{"taxonomy":"product_brand","embeddable":true,"href":"https:\/\/lukuabipood.ee\/en\/wp-json\/wp\/v2\/product_brand?post=14167"},{"taxonomy":"product_cat","embeddable":true,"href":"https:\/\/lukuabipood.ee\/en\/wp-json\/wp\/v2\/product_cat?post=14167"},{"taxonomy":"product_tag","embeddable":true,"href":"https:\/\/lukuabipood.ee\/en\/wp-json\/wp\/v2\/product_tag?post=14167"}],"curies":[{"name":"wp","href":"https:\/\/api.w.org\/{rel}","templated":true}]}}