{"id":14121,"date":"2022-08-09T19:52:45","date_gmt":"2022-08-09T19:52:45","guid":{"rendered":"https:\/\/lukuabipood.ee\/?post_type=product&#038;p=14121"},"modified":"2022-08-25T18:40:26","modified_gmt":"2022-08-25T18:40:26","slug":"lukk-mottura-783","status":"publish","type":"product","link":"https:\/\/lukuabipood.ee\/en\/toode\/lukk-mottura-783\/","title":{"rendered":"Sulgur Geze 2000"},"content":{"rendered":"<p>Varieeruva sulgemisj\u00f5uga, suurus 2\/4\/5<br \/>\nAinult \u00fche konstruktsiooni suurusega sulgur<br \/>\nEestpoolt reguleetitav ukse sulgemiskiirus<br \/>\nL\u00f5put\u00f5mmet reguleeritakse k\u00e4\u00e4rvarre abil<br \/>\nKaetud montaa\u017eiplaat<\/p>\n<p>Kasutusala:<\/p>\n<p>Standardustele, ukselehe laius kuni 1250 mm<br \/>\nIlma \u00fcmberseadistuseta kasutatav nii vasaku kui parema k\u00e4e ustele<br \/>\nPaigaldamise standardt\u00fc\u00fcbid: ukselehele, v\u00f5imalik paigaldada ka karbile<\/p>\n","protected":false},"excerpt":{"rendered":"<p>Varieeruva sulgemisj\u00f5uga, suurus 2\/4\/5 Ainult \u00fche konstruktsiooni suurusega sulgur Eestpoolt reguleetitav ukse sulgemiskiirus L\u00f5put\u00f5mmet reguleeritakse k\u00e4\u00e4rvarre abil Kaetud montaa\u017eiplaat Kasutusala:<\/p>\n","protected":false},"featured_media":15125,"template":"","meta":{"_monsterinsights_skip_tracking":false,"_monsterinsights_sitenote_active":false,"_monsterinsights_sitenote_note":"","_monsterinsights_sitenote_category":0},"product_brand":[],"product_cat":[75],"product_tag":[],"class_list":{"0":"post-14121","1":"product","2":"type-product","3":"status-publish","4":"has-post-thumbnail","6":"product_cat-uksesulgurid","8":"first","9":"instock","10":"shipping-taxable","11":"purchasable","12":"product-type-simple"},"aioseo_notices":[],"_links":{"self":[{"href":"https:\/\/lukuabipood.ee\/en\/wp-json\/wp\/v2\/product\/14121","targetHints":{"allow":["GET"]}}],"collection":[{"href":"https:\/\/lukuabipood.ee\/en\/wp-json\/wp\/v2\/product"}],"about":[{"href":"https:\/\/lukuabipood.ee\/en\/wp-json\/wp\/v2\/types\/product"}],"version-history":[{"count":4,"href":"https:\/\/lukuabipood.ee\/en\/wp-json\/wp\/v2\/product\/14121\/revisions"}],"predecessor-version":[{"id":15424,"href":"https:\/\/lukuabipood.ee\/en\/wp-json\/wp\/v2\/product\/14121\/revisions\/15424"}],"wp:featuredmedia":[{"embeddable":true,"href":"https:\/\/lukuabipood.ee\/en\/wp-json\/wp\/v2\/media\/15125"}],"wp:attachment":[{"href":"https:\/\/lukuabipood.ee\/en\/wp-json\/wp\/v2\/media?parent=14121"}],"wp:term":[{"taxonomy":"product_brand","embeddable":true,"href":"https:\/\/lukuabipood.ee\/en\/wp-json\/wp\/v2\/product_brand?post=14121"},{"taxonomy":"product_cat","embeddable":true,"href":"https:\/\/lukuabipood.ee\/en\/wp-json\/wp\/v2\/product_cat?post=14121"},{"taxonomy":"product_tag","embeddable":true,"href":"https:\/\/lukuabipood.ee\/en\/wp-json\/wp\/v2\/product_tag?post=14121"}],"curies":[{"name":"wp","href":"https:\/\/api.w.org\/{rel}","templated":true}]}}